{"id":180,"date":"2025-08-05T09:04:15","date_gmt":"2025-08-05T12:04:15","guid":{"rendered":"https:\/\/oprlogistica.com.br\/site\/?page_id=180"},"modified":"2025-09-01T18:05:04","modified_gmt":"2025-09-01T21:05:04","slug":"clientes","status":"publish","type":"page","link":"https:\/\/oprlogistica.com.br\/site\/institucional\/clientes\/","title":{"rendered":"Clientes"},"content":{"rendered":"<p>Atualmente, a OPR Log\u00edstica atende mais de 150 clientes ativos, entre eles grandes nomes dos setores de e-commerce, farmac\u00eautico, banc\u00e1rio, automotivo, distribui\u00e7\u00e3o e varejo. Essa diversidade refor\u00e7a nossa capacidade de oferecer solu\u00e7\u00f5es personalizadas, adaptadas \u00e0s necessidades de cada segmento, sempre com seguran\u00e7a, transpar\u00eancia e excel\u00eancia operacional.<\/p>\n<ul class='gallery'>\n           \n\t\t   \n\t\t<li><div class='foto' style='background-image: url(https:\/\/oprlogistica.com.br\/site\/wp-content\/uploads\/2025\/08\/cliente01.png);'><a href='https:\/\/oprlogistica.com.br\/site\/wp-content\/uploads\/2025\/08\/cliente01.png' data-fancybox='gallery-1' data-caption=''><\/a><\/div><\/li>\n         \n           \n           \n\t\t   \n\t\t<li><div class='foto' style='background-image: url(https:\/\/oprlogistica.com.br\/site\/wp-content\/uploads\/2025\/08\/cliente02.png);'><a href='https:\/\/oprlogistica.com.br\/site\/wp-content\/uploads\/2025\/08\/cliente02.png' data-fancybox='gallery-1' data-caption=''><\/a><\/div><\/li>\n         \n           \n           \n\t\t   \n\t\t<li><div class='foto' style='background-image: url(https:\/\/oprlogistica.com.br\/site\/wp-content\/uploads\/2025\/08\/cliente03.png);'><a href='https:\/\/oprlogistica.com.br\/site\/wp-content\/uploads\/2025\/08\/cliente03.png' data-fancybox='gallery-1' data-caption=''><\/a><\/div><\/li>\n         \n           \n           \n\t\t   \n\t\t<li><div class='foto' style='background-image: url(https:\/\/oprlogistica.com.br\/site\/wp-content\/uploads\/2025\/08\/cliente04.png);'><a href='https:\/\/oprlogistica.com.br\/site\/wp-content\/uploads\/2025\/08\/cliente04.png' data-fancybox='gallery-1' data-caption=''><\/a><\/div><\/li>\n         \n           \n           \n\t\t   \n\t\t<li><div class='foto' style='background-image: url(https:\/\/oprlogistica.com.br\/site\/wp-content\/uploads\/2025\/08\/cliente05.png);'><a href='https:\/\/oprlogistica.com.br\/site\/wp-content\/uploads\/2025\/08\/cliente05.png' data-fancybox='gallery-1' data-caption=''><\/a><\/div><\/li>\n         \n           \n           \n\t\t   \n\t\t<li><div class='foto' style='background-image: url(https:\/\/oprlogistica.com.br\/site\/wp-content\/uploads\/2025\/08\/cliente06.png);'><a href='https:\/\/oprlogistica.com.br\/site\/wp-content\/uploads\/2025\/08\/cliente06.png' data-fancybox='gallery-1' data-caption=''><\/a><\/div><\/li>\n         \n           \n           \n\t\t   \n\t\t<li><div class='foto' style='background-image: url(https:\/\/oprlogistica.com.br\/site\/wp-content\/uploads\/2025\/08\/cliente07.png);'><a href='https:\/\/oprlogistica.com.br\/site\/wp-content\/uploads\/2025\/08\/cliente07.png' data-fancybox='gallery-1' data-caption=''><\/a><\/div><\/li>\n         \n           \n           \n\t\t   \n\t\t<li><div class='foto' style='background-image: url(https:\/\/oprlogistica.com.br\/site\/wp-content\/uploads\/2025\/08\/cliente08.png);'><a href='https:\/\/oprlogistica.com.br\/site\/wp-content\/uploads\/2025\/08\/cliente08.png' data-fancybox='gallery-1' data-caption=''><\/a><\/div><\/li>\n         \n           \n           \n\t\t   \n\t\t<li><div class='foto' style='background-image: url(https:\/\/oprlogistica.com.br\/site\/wp-content\/uploads\/2025\/08\/cliente09.png);'><a href='https:\/\/oprlogistica.com.br\/site\/wp-content\/uploads\/2025\/08\/cliente09.png' data-fancybox='gallery-1' data-caption=''><\/a><\/div><\/li>\n         \n           \n           \n\t\t   \n\t\t<li><div class='foto' style='background-image: url(https:\/\/oprlogistica.com.br\/site\/wp-content\/uploads\/2025\/08\/cliente10.png);'><a href='https:\/\/oprlogistica.com.br\/site\/wp-content\/uploads\/2025\/08\/cliente10.png' data-fancybox='gallery-1' data-caption=''><\/a><\/div><\/li>\n         \n           \n           \n\t\t   \n\t\t<li><div class='foto' style='background-image: url(https:\/\/oprlogistica.com.br\/site\/wp-content\/uploads\/2025\/08\/cliente11.png);'><a href='https:\/\/oprlogistica.com.br\/site\/wp-content\/uploads\/2025\/08\/cliente11.png' data-fancybox='gallery-1' data-caption=''><\/a><\/div><\/li>\n         \n           \n           \n\t\t   \n\t\t<li><div class='foto' style='background-image: url(https:\/\/oprlogistica.com.br\/site\/wp-content\/uploads\/2025\/08\/cliente12.png);'><a href='https:\/\/oprlogistica.com.br\/site\/wp-content\/uploads\/2025\/08\/cliente12.png' data-fancybox='gallery-1' data-caption=''><\/a><\/div><\/li>\n         \n           \n           \n\t\t   \n\t\t<li><div class='foto' style='background-image: url(https:\/\/oprlogistica.com.br\/site\/wp-content\/uploads\/2025\/08\/cliente13.png);'><a href='https:\/\/oprlogistica.com.br\/site\/wp-content\/uploads\/2025\/08\/cliente13.png' data-fancybox='gallery-1' data-caption=''><\/a><\/div><\/li>\n         \n           \n           \n\t\t   \n\t\t<li><div class='foto' style='background-image: url(https:\/\/oprlogistica.com.br\/site\/wp-content\/uploads\/2025\/08\/cliente14.png);'><a href='https:\/\/oprlogistica.com.br\/site\/wp-content\/uploads\/2025\/08\/cliente14.png' data-fancybox='gallery-1' data-caption=''><\/a><\/div><\/li>\n         \n           \n           \n\t\t   \n\t\t<li><div class='foto' style='background-image: url(https:\/\/oprlogistica.com.br\/site\/wp-content\/uploads\/2025\/08\/cliente15.png);'><a href='https:\/\/oprlogistica.com.br\/site\/wp-content\/uploads\/2025\/08\/cliente15.png' data-fancybox='gallery-1' data-caption=''><\/a><\/div><\/li>\n         \n           \n           \n\t\t   \n\t\t<li><div class='foto' style='background-image: url(https:\/\/oprlogistica.com.br\/site\/wp-content\/uploads\/2025\/08\/cliente16.png);'><a href='https:\/\/oprlogistica.com.br\/site\/wp-content\/uploads\/2025\/08\/cliente16.png' data-fancybox='gallery-1' data-caption=''><\/a><\/div><\/li>\n         \n           \n           \n\t\t   \n\t\t<li><div class='foto' style='background-image: url(https:\/\/oprlogistica.com.br\/site\/wp-content\/uploads\/2025\/08\/cliente17.png);'><a href='https:\/\/oprlogistica.com.br\/site\/wp-content\/uploads\/2025\/08\/cliente17.png' data-fancybox='gallery-1' data-caption=''><\/a><\/div><\/li>\n         \n           \n           \n\t\t   \n\t\t<li><div class='foto' style='background-image: url(https:\/\/oprlogistica.com.br\/site\/wp-content\/uploads\/2025\/08\/cliente18.png);'><a href='https:\/\/oprlogistica.com.br\/site\/wp-content\/uploads\/2025\/08\/cliente18.png' data-fancybox='gallery-1' data-caption=''><\/a><\/div><\/li>\n         \n           \n           \n\t\t   \n\t\t<li><div class='foto' style='background-image: url(https:\/\/oprlogistica.com.br\/site\/wp-content\/uploads\/2025\/08\/cliente19.png);'><a href='https:\/\/oprlogistica.com.br\/site\/wp-content\/uploads\/2025\/08\/cliente19.png' data-fancybox='gallery-1' data-caption=''><\/a><\/div><\/li>\n         \n           <\/ul>\n\n","protected":false},"excerpt":{"rendered":"<p>Atualmente, a OPR Log\u00edstica atende mais de 150 clientes ativos, entre eles grandes nomes dos setores de e-commerce, farmac\u00eautico, banc\u00e1rio, automotivo, [&hellip;]<\/p>\n","protected":false},"author":1,"featured_media":0,"parent":10,"menu_order":11,"comment_status":"closed","ping_status":"closed","template":"page-clientes.php","meta":{"_acf_changed":false,"footnotes":""},"class_list":["post-180","page","type-page","status-publish","hentry"],"acf":[],"yoast_head":"<!-- This site is optimized with the Yoast SEO plugin v26.0 - https:\/\/yoast.com\/wordpress\/plugins\/seo\/ -->\n<title>Clientes - OPR Log\u00edstica | Transporte e Solu\u00e7\u00f5es Log\u00edsticas Inteligentes no Brasil<\/title>\n<meta name=\"robots\" content=\"index, follow, max-snippet:-1, max-image-preview:large, max-video-preview:-1\" \/>\n<link rel=\"canonical\" href=\"https:\/\/oprlogistica.com.br\/site\/institucional\/clientes\/\" \/>\n<meta property=\"og:locale\" content=\"pt_BR\" \/>\n<meta property=\"og:type\" content=\"article\" \/>\n<meta property=\"og:title\" content=\"Clientes - OPR Log\u00edstica | Transporte e Solu\u00e7\u00f5es Log\u00edsticas Inteligentes no Brasil\" \/>\n<meta property=\"og:description\" content=\"Atualmente, a OPR Log\u00edstica atende mais de 150 clientes ativos, entre eles grandes nomes dos setores de e-commerce, farmac\u00eautico, banc\u00e1rio, automotivo, [&hellip;]\" \/>\n<meta property=\"og:url\" content=\"https:\/\/oprlogistica.com.br\/site\/institucional\/clientes\/\" \/>\n<meta property=\"og:site_name\" content=\"OPR Log\u00edstica | Transporte e Solu\u00e7\u00f5es Log\u00edsticas Inteligentes no Brasil\" \/>\n<meta property=\"article:modified_time\" content=\"2025-09-01T21:05:04+00:00\" \/>\n<meta name=\"twitter:card\" content=\"summary_large_image\" \/>\n<script type=\"application\/ld+json\" class=\"yoast-schema-graph\">{\"@context\":\"https:\/\/schema.org\",\"@graph\":[{\"@type\":\"WebPage\",\"@id\":\"https:\/\/oprlogistica.com.br\/site\/institucional\/clientes\/\",\"url\":\"https:\/\/oprlogistica.com.br\/site\/institucional\/clientes\/\",\"name\":\"Clientes - OPR Log\u00edstica | Transporte e Solu\u00e7\u00f5es Log\u00edsticas Inteligentes no Brasil\",\"isPartOf\":{\"@id\":\"https:\/\/oprlogistica.com.br\/site\/#website\"},\"datePublished\":\"2025-08-05T12:04:15+00:00\",\"dateModified\":\"2025-09-01T21:05:04+00:00\",\"breadcrumb\":{\"@id\":\"https:\/\/oprlogistica.com.br\/site\/institucional\/clientes\/#breadcrumb\"},\"inLanguage\":\"pt-BR\",\"potentialAction\":[{\"@type\":\"ReadAction\",\"target\":[\"https:\/\/oprlogistica.com.br\/site\/institucional\/clientes\/\"]}]},{\"@type\":\"BreadcrumbList\",\"@id\":\"https:\/\/oprlogistica.com.br\/site\/institucional\/clientes\/#breadcrumb\",\"itemListElement\":[{\"@type\":\"ListItem\",\"position\":1,\"name\":\"In\u00edcio\",\"item\":\"https:\/\/oprlogistica.com.br\/site\/\"},{\"@type\":\"ListItem\",\"position\":2,\"name\":\"Institucional\",\"item\":\"https:\/\/oprlogistica.com.br\/site\/institucional\/\"},{\"@type\":\"ListItem\",\"position\":3,\"name\":\"Clientes\"}]},{\"@type\":\"WebSite\",\"@id\":\"https:\/\/oprlogistica.com.br\/site\/#website\",\"url\":\"https:\/\/oprlogistica.com.br\/site\/\",\"name\":\"OPR Log\u00edstica | Transporte e Solu\u00e7\u00f5es Log\u00edsticas Inteligentes no Brasil\",\"description\":\"A OPR Log\u00edstica oferece transporte rodovi\u00e1rio, solu\u00e7\u00f5es integradas e gest\u00e3o eficiente para empresas em todo o Brasil. Comprometimento, tecnologia e excel\u00eancia em cada entrega.\",\"potentialAction\":[{\"@type\":\"SearchAction\",\"target\":{\"@type\":\"EntryPoint\",\"urlTemplate\":\"https:\/\/oprlogistica.com.br\/site\/?s={search_term_string}\"},\"query-input\":{\"@type\":\"PropertyValueSpecification\",\"valueRequired\":true,\"valueName\":\"search_term_string\"}}],\"inLanguage\":\"pt-BR\"}]}<\/script>\n<!-- \/ Yoast SEO plugin. -->","yoast_head_json":{"title":"Clientes - OPR Log\u00edstica | Transporte e Solu\u00e7\u00f5es Log\u00edsticas Inteligentes no Brasil","robots":{"index":"index","follow":"follow","max-snippet":"max-snippet:-1","max-image-preview":"max-image-preview:large","max-video-preview":"max-video-preview:-1"},"canonical":"https:\/\/oprlogistica.com.br\/site\/institucional\/clientes\/","og_locale":"pt_BR","og_type":"article","og_title":"Clientes - OPR Log\u00edstica | Transporte e Solu\u00e7\u00f5es Log\u00edsticas Inteligentes no Brasil","og_description":"Atualmente, a OPR Log\u00edstica atende mais de 150 clientes ativos, entre eles grandes nomes dos setores de e-commerce, farmac\u00eautico, banc\u00e1rio, automotivo, [&hellip;]","og_url":"https:\/\/oprlogistica.com.br\/site\/institucional\/clientes\/","og_site_name":"OPR Log\u00edstica | Transporte e Solu\u00e7\u00f5es Log\u00edsticas Inteligentes no Brasil","article_modified_time":"2025-09-01T21:05:04+00:00","twitter_card":"summary_large_image","schema":{"@context":"https:\/\/schema.org","@graph":[{"@type":"WebPage","@id":"https:\/\/oprlogistica.com.br\/site\/institucional\/clientes\/","url":"https:\/\/oprlogistica.com.br\/site\/institucional\/clientes\/","name":"Clientes - OPR Log\u00edstica | Transporte e Solu\u00e7\u00f5es Log\u00edsticas Inteligentes no Brasil","isPartOf":{"@id":"https:\/\/oprlogistica.com.br\/site\/#website"},"datePublished":"2025-08-05T12:04:15+00:00","dateModified":"2025-09-01T21:05:04+00:00","breadcrumb":{"@id":"https:\/\/oprlogistica.com.br\/site\/institucional\/clientes\/#breadcrumb"},"inLanguage":"pt-BR","potentialAction":[{"@type":"ReadAction","target":["https:\/\/oprlogistica.com.br\/site\/institucional\/clientes\/"]}]},{"@type":"BreadcrumbList","@id":"https:\/\/oprlogistica.com.br\/site\/institucional\/clientes\/#breadcrumb","itemListElement":[{"@type":"ListItem","position":1,"name":"In\u00edcio","item":"https:\/\/oprlogistica.com.br\/site\/"},{"@type":"ListItem","position":2,"name":"Institucional","item":"https:\/\/oprlogistica.com.br\/site\/institucional\/"},{"@type":"ListItem","position":3,"name":"Clientes"}]},{"@type":"WebSite","@id":"https:\/\/oprlogistica.com.br\/site\/#website","url":"https:\/\/oprlogistica.com.br\/site\/","name":"OPR Log\u00edstica | Transporte e Solu\u00e7\u00f5es Log\u00edsticas Inteligentes no Brasil","description":"A OPR Log\u00edstica oferece transporte rodovi\u00e1rio, solu\u00e7\u00f5es integradas e gest\u00e3o eficiente para empresas em todo o Brasil. Comprometimento, tecnologia e excel\u00eancia em cada entrega.","potentialAction":[{"@type":"SearchAction","target":{"@type":"EntryPoint","urlTemplate":"https:\/\/oprlogistica.com.br\/site\/?s={search_term_string}"},"query-input":{"@type":"PropertyValueSpecification","valueRequired":true,"valueName":"search_term_string"}}],"inLanguage":"pt-BR"}]}},"_links":{"self":[{"href":"https:\/\/oprlogistica.com.br\/site\/wp-json\/wp\/v2\/pages\/180","targetHints":{"allow":["GET"]}}],"collection":[{"href":"https:\/\/oprlogistica.com.br\/site\/wp-json\/wp\/v2\/pages"}],"about":[{"href":"https:\/\/oprlogistica.com.br\/site\/wp-json\/wp\/v2\/types\/page"}],"author":[{"embeddable":true,"href":"https:\/\/oprlogistica.com.br\/site\/wp-json\/wp\/v2\/users\/1"}],"replies":[{"embeddable":true,"href":"https:\/\/oprlogistica.com.br\/site\/wp-json\/wp\/v2\/comments?post=180"}],"version-history":[{"count":3,"href":"https:\/\/oprlogistica.com.br\/site\/wp-json\/wp\/v2\/pages\/180\/revisions"}],"predecessor-version":[{"id":275,"href":"https:\/\/oprlogistica.com.br\/site\/wp-json\/wp\/v2\/pages\/180\/revisions\/275"}],"up":[{"embeddable":true,"href":"https:\/\/oprlogistica.com.br\/site\/wp-json\/wp\/v2\/pages\/10"}],"wp:attachment":[{"href":"https:\/\/oprlogistica.com.br\/site\/wp-json\/wp\/v2\/media?parent=180"}],"curies":[{"name":"wp","href":"https:\/\/api.w.org\/{rel}","templated":true}]}}