{"id":220,"date":"2025-09-01T14:27:11","date_gmt":"2025-09-01T17:27:11","guid":{"rendered":"https:\/\/oprlogistica.com.br\/site\/?page_id=220"},"modified":"2025-09-01T14:47:40","modified_gmt":"2025-09-01T17:47:40","slug":"fale-conosco","status":"publish","type":"page","link":"https:\/\/oprlogistica.com.br\/site\/contato\/fale-conosco\/","title":{"rendered":"Fale Conosco"},"content":{"rendered":"","protected":false},"excerpt":{"rendered":"","protected":false},"author":1,"featured_media":0,"parent":18,"menu_order":5,"comment_status":"closed","ping_status":"closed","template":"page-contato.php","meta":{"_acf_changed":false,"footnotes":""},"class_list":["post-220","page","type-page","status-publish","hentry"],"acf":[],"yoast_head":"<!-- This site is optimized with the Yoast SEO plugin v26.0 - https:\/\/yoast.com\/wordpress\/plugins\/seo\/ -->\n<title>Fale Conosco - OPR Log\u00edstica | Transporte e Solu\u00e7\u00f5es Log\u00edsticas Inteligentes no Brasil<\/title>\n<meta name=\"robots\" content=\"index, follow, max-snippet:-1, max-image-preview:large, max-video-preview:-1\" \/>\n<link rel=\"canonical\" href=\"https:\/\/oprlogistica.com.br\/site\/contato\/fale-conosco\/\" \/>\n<meta property=\"og:locale\" content=\"pt_BR\" \/>\n<meta property=\"og:type\" content=\"article\" \/>\n<meta property=\"og:title\" content=\"Fale Conosco - OPR Log\u00edstica | Transporte e Solu\u00e7\u00f5es Log\u00edsticas Inteligentes no Brasil\" \/>\n<meta property=\"og:url\" content=\"https:\/\/oprlogistica.com.br\/site\/contato\/fale-conosco\/\" \/>\n<meta property=\"og:site_name\" content=\"OPR Log\u00edstica | Transporte e Solu\u00e7\u00f5es Log\u00edsticas Inteligentes no Brasil\" \/>\n<meta property=\"article:modified_time\" content=\"2025-09-01T17:47:40+00:00\" \/>\n<meta name=\"twitter:card\" content=\"summary_large_image\" \/>\n<script type=\"application\/ld+json\" class=\"yoast-schema-graph\">{\"@context\":\"https:\/\/schema.org\",\"@graph\":[{\"@type\":\"WebPage\",\"@id\":\"https:\/\/oprlogistica.com.br\/site\/contato\/fale-conosco\/\",\"url\":\"https:\/\/oprlogistica.com.br\/site\/contato\/fale-conosco\/\",\"name\":\"Fale Conosco - OPR Log\u00edstica | Transporte e Solu\u00e7\u00f5es Log\u00edsticas Inteligentes no Brasil\",\"isPartOf\":{\"@id\":\"https:\/\/oprlogistica.com.br\/site\/#website\"},\"datePublished\":\"2025-09-01T17:27:11+00:00\",\"dateModified\":\"2025-09-01T17:47:40+00:00\",\"breadcrumb\":{\"@id\":\"https:\/\/oprlogistica.com.br\/site\/contato\/fale-conosco\/#breadcrumb\"},\"inLanguage\":\"pt-BR\",\"potentialAction\":[{\"@type\":\"ReadAction\",\"target\":[\"https:\/\/oprlogistica.com.br\/site\/contato\/fale-conosco\/\"]}]},{\"@type\":\"BreadcrumbList\",\"@id\":\"https:\/\/oprlogistica.com.br\/site\/contato\/fale-conosco\/#breadcrumb\",\"itemListElement\":[{\"@type\":\"ListItem\",\"position\":1,\"name\":\"In\u00edcio\",\"item\":\"https:\/\/oprlogistica.com.br\/site\/\"},{\"@type\":\"ListItem\",\"position\":2,\"name\":\"Contato\",\"item\":\"https:\/\/oprlogistica.com.br\/site\/contato\/\"},{\"@type\":\"ListItem\",\"position\":3,\"name\":\"Fale Conosco\"}]},{\"@type\":\"WebSite\",\"@id\":\"https:\/\/oprlogistica.com.br\/site\/#website\",\"url\":\"https:\/\/oprlogistica.com.br\/site\/\",\"name\":\"OPR Log\u00edstica | Transporte e Solu\u00e7\u00f5es Log\u00edsticas Inteligentes no Brasil\",\"description\":\"A OPR Log\u00edstica oferece transporte rodovi\u00e1rio, solu\u00e7\u00f5es integradas e gest\u00e3o eficiente para empresas em todo o Brasil. Comprometimento, tecnologia e excel\u00eancia em cada entrega.\",\"potentialAction\":[{\"@type\":\"SearchAction\",\"target\":{\"@type\":\"EntryPoint\",\"urlTemplate\":\"https:\/\/oprlogistica.com.br\/site\/?s={search_term_string}\"},\"query-input\":{\"@type\":\"PropertyValueSpecification\",\"valueRequired\":true,\"valueName\":\"search_term_string\"}}],\"inLanguage\":\"pt-BR\"}]}<\/script>\n<!-- \/ Yoast SEO plugin. -->","yoast_head_json":{"title":"Fale Conosco - OPR Log\u00edstica | Transporte e Solu\u00e7\u00f5es Log\u00edsticas Inteligentes no Brasil","robots":{"index":"index","follow":"follow","max-snippet":"max-snippet:-1","max-image-preview":"max-image-preview:large","max-video-preview":"max-video-preview:-1"},"canonical":"https:\/\/oprlogistica.com.br\/site\/contato\/fale-conosco\/","og_locale":"pt_BR","og_type":"article","og_title":"Fale Conosco - OPR Log\u00edstica | Transporte e Solu\u00e7\u00f5es Log\u00edsticas Inteligentes no Brasil","og_url":"https:\/\/oprlogistica.com.br\/site\/contato\/fale-conosco\/","og_site_name":"OPR Log\u00edstica | Transporte e Solu\u00e7\u00f5es Log\u00edsticas Inteligentes no Brasil","article_modified_time":"2025-09-01T17:47:40+00:00","twitter_card":"summary_large_image","schema":{"@context":"https:\/\/schema.org","@graph":[{"@type":"WebPage","@id":"https:\/\/oprlogistica.com.br\/site\/contato\/fale-conosco\/","url":"https:\/\/oprlogistica.com.br\/site\/contato\/fale-conosco\/","name":"Fale Conosco - OPR Log\u00edstica | Transporte e Solu\u00e7\u00f5es Log\u00edsticas Inteligentes no Brasil","isPartOf":{"@id":"https:\/\/oprlogistica.com.br\/site\/#website"},"datePublished":"2025-09-01T17:27:11+00:00","dateModified":"2025-09-01T17:47:40+00:00","breadcrumb":{"@id":"https:\/\/oprlogistica.com.br\/site\/contato\/fale-conosco\/#breadcrumb"},"inLanguage":"pt-BR","potentialAction":[{"@type":"ReadAction","target":["https:\/\/oprlogistica.com.br\/site\/contato\/fale-conosco\/"]}]},{"@type":"BreadcrumbList","@id":"https:\/\/oprlogistica.com.br\/site\/contato\/fale-conosco\/#breadcrumb","itemListElement":[{"@type":"ListItem","position":1,"name":"In\u00edcio","item":"https:\/\/oprlogistica.com.br\/site\/"},{"@type":"ListItem","position":2,"name":"Contato","item":"https:\/\/oprlogistica.com.br\/site\/contato\/"},{"@type":"ListItem","position":3,"name":"Fale Conosco"}]},{"@type":"WebSite","@id":"https:\/\/oprlogistica.com.br\/site\/#website","url":"https:\/\/oprlogistica.com.br\/site\/","name":"OPR Log\u00edstica | Transporte e Solu\u00e7\u00f5es Log\u00edsticas Inteligentes no Brasil","description":"A OPR Log\u00edstica oferece transporte rodovi\u00e1rio, solu\u00e7\u00f5es integradas e gest\u00e3o eficiente para empresas em todo o Brasil. Comprometimento, tecnologia e excel\u00eancia em cada entrega.","potentialAction":[{"@type":"SearchAction","target":{"@type":"EntryPoint","urlTemplate":"https:\/\/oprlogistica.com.br\/site\/?s={search_term_string}"},"query-input":{"@type":"PropertyValueSpecification","valueRequired":true,"valueName":"search_term_string"}}],"inLanguage":"pt-BR"}]}},"_links":{"self":[{"href":"https:\/\/oprlogistica.com.br\/site\/wp-json\/wp\/v2\/pages\/220","targetHints":{"allow":["GET"]}}],"collection":[{"href":"https:\/\/oprlogistica.com.br\/site\/wp-json\/wp\/v2\/pages"}],"about":[{"href":"https:\/\/oprlogistica.com.br\/site\/wp-json\/wp\/v2\/types\/page"}],"author":[{"embeddable":true,"href":"https:\/\/oprlogistica.com.br\/site\/wp-json\/wp\/v2\/users\/1"}],"replies":[{"embeddable":true,"href":"https:\/\/oprlogistica.com.br\/site\/wp-json\/wp\/v2\/comments?post=220"}],"version-history":[{"count":1,"href":"https:\/\/oprlogistica.com.br\/site\/wp-json\/wp\/v2\/pages\/220\/revisions"}],"predecessor-version":[{"id":221,"href":"https:\/\/oprlogistica.com.br\/site\/wp-json\/wp\/v2\/pages\/220\/revisions\/221"}],"up":[{"embeddable":true,"href":"https:\/\/oprlogistica.com.br\/site\/wp-json\/wp\/v2\/pages\/18"}],"wp:attachment":[{"href":"https:\/\/oprlogistica.com.br\/site\/wp-json\/wp\/v2\/media?parent=220"}],"curies":[{"name":"wp","href":"https:\/\/api.w.org\/{rel}","templated":true}]}}