{"id":222,"date":"2025-09-01T14:28:31","date_gmt":"2025-09-01T17:28:31","guid":{"rendered":"https:\/\/oprlogistica.com.br\/site\/?page_id=222"},"modified":"2025-09-01T18:22:35","modified_gmt":"2025-09-01T21:22:35","slug":"trabalhe-conosco","status":"publish","type":"page","link":"https:\/\/oprlogistica.com.br\/site\/contato\/trabalhe-conosco\/","title":{"rendered":"Trabalhe Conosco"},"content":{"rendered":"<h2>Vagas <em>abertas<\/em><\/h2>\n<p data-start=\"138\" data-end=\"342\">Na OPR Log\u00edstica, acreditamos que nosso maior patrim\u00f4nio s\u00e3o as pessoas. Somos movidos por profissionais dedicados, que fazem da seguran\u00e7a, da pontualidade e da excel\u00eancia uma realidade em cada entrega.<\/p>\n<p data-start=\"344\" data-end=\"590\">Valorizamos talentos, incentivamos o crescimento e oferecemos um ambiente de trabalho colaborativo, inovador e em constante evolu\u00e7\u00e3o. Aqui, cada colaborador tem a oportunidade de se desenvolver e contribuir para o futuro da log\u00edstica no Brasil.<\/p>\n<p data-start=\"592\" data-end=\"772\">Se voc\u00ea busca novos desafios, oportunidades de carreira e deseja fazer parte de uma empresa com mais de 25 anos de expertise e presen\u00e7a em todo o pa\u00eds, venha crescer com a gente.<\/p>\n<p data-start=\"774\" data-end=\"830\"><strong data-start=\"777\" data-end=\"828\">Envie seu curr\u00edculo e fa\u00e7a parte do nosso time!<\/strong><\/p>\n<p>&nbsp;<\/p>\n","protected":false},"excerpt":{"rendered":"<p>Vagas abertas Na OPR Log\u00edstica, acreditamos que nosso maior patrim\u00f4nio s\u00e3o as pessoas. Somos movidos por profissionais dedicados, que fazem da [&hellip;]<\/p>\n","protected":false},"author":1,"featured_media":0,"parent":18,"menu_order":6,"comment_status":"closed","ping_status":"closed","template":"page-trabalhe.php","meta":{"_acf_changed":false,"footnotes":""},"class_list":["post-222","page","type-page","status-publish","hentry"],"acf":[],"yoast_head":"<!-- This site is optimized with the Yoast SEO plugin v26.0 - https:\/\/yoast.com\/wordpress\/plugins\/seo\/ -->\n<title>Trabalhe Conosco - OPR Log\u00edstica | Transporte e Solu\u00e7\u00f5es Log\u00edsticas Inteligentes no Brasil<\/title>\n<meta name=\"robots\" content=\"index, follow, max-snippet:-1, max-image-preview:large, max-video-preview:-1\" \/>\n<link rel=\"canonical\" href=\"https:\/\/oprlogistica.com.br\/site\/contato\/trabalhe-conosco\/\" \/>\n<meta property=\"og:locale\" content=\"pt_BR\" \/>\n<meta property=\"og:type\" content=\"article\" \/>\n<meta property=\"og:title\" content=\"Trabalhe Conosco - OPR Log\u00edstica | Transporte e Solu\u00e7\u00f5es Log\u00edsticas Inteligentes no Brasil\" \/>\n<meta property=\"og:description\" content=\"Vagas abertas Na OPR Log\u00edstica, acreditamos que nosso maior patrim\u00f4nio s\u00e3o as pessoas. Somos movidos por profissionais dedicados, que fazem da [&hellip;]\" \/>\n<meta property=\"og:url\" content=\"https:\/\/oprlogistica.com.br\/site\/contato\/trabalhe-conosco\/\" \/>\n<meta property=\"og:site_name\" content=\"OPR Log\u00edstica | Transporte e Solu\u00e7\u00f5es Log\u00edsticas Inteligentes no Brasil\" \/>\n<meta property=\"article:modified_time\" content=\"2025-09-01T21:22:35+00:00\" \/>\n<meta name=\"twitter:card\" content=\"summary_large_image\" \/>\n<meta name=\"twitter:label1\" content=\"Est. tempo de leitura\" \/>\n\t<meta name=\"twitter:data1\" content=\"1 minuto\" \/>\n<script type=\"application\/ld+json\" class=\"yoast-schema-graph\">{\"@context\":\"https:\/\/schema.org\",\"@graph\":[{\"@type\":\"WebPage\",\"@id\":\"https:\/\/oprlogistica.com.br\/site\/contato\/trabalhe-conosco\/\",\"url\":\"https:\/\/oprlogistica.com.br\/site\/contato\/trabalhe-conosco\/\",\"name\":\"Trabalhe Conosco - OPR Log\u00edstica | Transporte e Solu\u00e7\u00f5es Log\u00edsticas Inteligentes no Brasil\",\"isPartOf\":{\"@id\":\"https:\/\/oprlogistica.com.br\/site\/#website\"},\"datePublished\":\"2025-09-01T17:28:31+00:00\",\"dateModified\":\"2025-09-01T21:22:35+00:00\",\"breadcrumb\":{\"@id\":\"https:\/\/oprlogistica.com.br\/site\/contato\/trabalhe-conosco\/#breadcrumb\"},\"inLanguage\":\"pt-BR\",\"potentialAction\":[{\"@type\":\"ReadAction\",\"target\":[\"https:\/\/oprlogistica.com.br\/site\/contato\/trabalhe-conosco\/\"]}]},{\"@type\":\"BreadcrumbList\",\"@id\":\"https:\/\/oprlogistica.com.br\/site\/contato\/trabalhe-conosco\/#breadcrumb\",\"itemListElement\":[{\"@type\":\"ListItem\",\"position\":1,\"name\":\"In\u00edcio\",\"item\":\"https:\/\/oprlogistica.com.br\/site\/\"},{\"@type\":\"ListItem\",\"position\":2,\"name\":\"Contato\",\"item\":\"https:\/\/oprlogistica.com.br\/site\/contato\/\"},{\"@type\":\"ListItem\",\"position\":3,\"name\":\"Trabalhe Conosco\"}]},{\"@type\":\"WebSite\",\"@id\":\"https:\/\/oprlogistica.com.br\/site\/#website\",\"url\":\"https:\/\/oprlogistica.com.br\/site\/\",\"name\":\"OPR Log\u00edstica | Transporte e Solu\u00e7\u00f5es Log\u00edsticas Inteligentes no Brasil\",\"description\":\"A OPR Log\u00edstica oferece transporte rodovi\u00e1rio, solu\u00e7\u00f5es integradas e gest\u00e3o eficiente para empresas em todo o Brasil. Comprometimento, tecnologia e excel\u00eancia em cada entrega.\",\"potentialAction\":[{\"@type\":\"SearchAction\",\"target\":{\"@type\":\"EntryPoint\",\"urlTemplate\":\"https:\/\/oprlogistica.com.br\/site\/?s={search_term_string}\"},\"query-input\":{\"@type\":\"PropertyValueSpecification\",\"valueRequired\":true,\"valueName\":\"search_term_string\"}}],\"inLanguage\":\"pt-BR\"}]}<\/script>\n<!-- \/ Yoast SEO plugin. -->","yoast_head_json":{"title":"Trabalhe Conosco - OPR Log\u00edstica | Transporte e Solu\u00e7\u00f5es Log\u00edsticas Inteligentes no Brasil","robots":{"index":"index","follow":"follow","max-snippet":"max-snippet:-1","max-image-preview":"max-image-preview:large","max-video-preview":"max-video-preview:-1"},"canonical":"https:\/\/oprlogistica.com.br\/site\/contato\/trabalhe-conosco\/","og_locale":"pt_BR","og_type":"article","og_title":"Trabalhe Conosco - OPR Log\u00edstica | Transporte e Solu\u00e7\u00f5es Log\u00edsticas Inteligentes no Brasil","og_description":"Vagas abertas Na OPR Log\u00edstica, acreditamos que nosso maior patrim\u00f4nio s\u00e3o as pessoas. Somos movidos por profissionais dedicados, que fazem da [&hellip;]","og_url":"https:\/\/oprlogistica.com.br\/site\/contato\/trabalhe-conosco\/","og_site_name":"OPR Log\u00edstica | Transporte e Solu\u00e7\u00f5es Log\u00edsticas Inteligentes no Brasil","article_modified_time":"2025-09-01T21:22:35+00:00","twitter_card":"summary_large_image","twitter_misc":{"Est. tempo de leitura":"1 minuto"},"schema":{"@context":"https:\/\/schema.org","@graph":[{"@type":"WebPage","@id":"https:\/\/oprlogistica.com.br\/site\/contato\/trabalhe-conosco\/","url":"https:\/\/oprlogistica.com.br\/site\/contato\/trabalhe-conosco\/","name":"Trabalhe Conosco - OPR Log\u00edstica | Transporte e Solu\u00e7\u00f5es Log\u00edsticas Inteligentes no Brasil","isPartOf":{"@id":"https:\/\/oprlogistica.com.br\/site\/#website"},"datePublished":"2025-09-01T17:28:31+00:00","dateModified":"2025-09-01T21:22:35+00:00","breadcrumb":{"@id":"https:\/\/oprlogistica.com.br\/site\/contato\/trabalhe-conosco\/#breadcrumb"},"inLanguage":"pt-BR","potentialAction":[{"@type":"ReadAction","target":["https:\/\/oprlogistica.com.br\/site\/contato\/trabalhe-conosco\/"]}]},{"@type":"BreadcrumbList","@id":"https:\/\/oprlogistica.com.br\/site\/contato\/trabalhe-conosco\/#breadcrumb","itemListElement":[{"@type":"ListItem","position":1,"name":"In\u00edcio","item":"https:\/\/oprlogistica.com.br\/site\/"},{"@type":"ListItem","position":2,"name":"Contato","item":"https:\/\/oprlogistica.com.br\/site\/contato\/"},{"@type":"ListItem","position":3,"name":"Trabalhe Conosco"}]},{"@type":"WebSite","@id":"https:\/\/oprlogistica.com.br\/site\/#website","url":"https:\/\/oprlogistica.com.br\/site\/","name":"OPR Log\u00edstica | Transporte e Solu\u00e7\u00f5es Log\u00edsticas Inteligentes no Brasil","description":"A OPR Log\u00edstica oferece transporte rodovi\u00e1rio, solu\u00e7\u00f5es integradas e gest\u00e3o eficiente para empresas em todo o Brasil. Comprometimento, tecnologia e excel\u00eancia em cada entrega.","potentialAction":[{"@type":"SearchAction","target":{"@type":"EntryPoint","urlTemplate":"https:\/\/oprlogistica.com.br\/site\/?s={search_term_string}"},"query-input":{"@type":"PropertyValueSpecification","valueRequired":true,"valueName":"search_term_string"}}],"inLanguage":"pt-BR"}]}},"_links":{"self":[{"href":"https:\/\/oprlogistica.com.br\/site\/wp-json\/wp\/v2\/pages\/222","targetHints":{"allow":["GET"]}}],"collection":[{"href":"https:\/\/oprlogistica.com.br\/site\/wp-json\/wp\/v2\/pages"}],"about":[{"href":"https:\/\/oprlogistica.com.br\/site\/wp-json\/wp\/v2\/types\/page"}],"author":[{"embeddable":true,"href":"https:\/\/oprlogistica.com.br\/site\/wp-json\/wp\/v2\/users\/1"}],"replies":[{"embeddable":true,"href":"https:\/\/oprlogistica.com.br\/site\/wp-json\/wp\/v2\/comments?post=222"}],"version-history":[{"count":7,"href":"https:\/\/oprlogistica.com.br\/site\/wp-json\/wp\/v2\/pages\/222\/revisions"}],"predecessor-version":[{"id":281,"href":"https:\/\/oprlogistica.com.br\/site\/wp-json\/wp\/v2\/pages\/222\/revisions\/281"}],"up":[{"embeddable":true,"href":"https:\/\/oprlogistica.com.br\/site\/wp-json\/wp\/v2\/pages\/18"}],"wp:attachment":[{"href":"https:\/\/oprlogistica.com.br\/site\/wp-json\/wp\/v2\/media?parent=222"}],"curies":[{"name":"wp","href":"https:\/\/api.w.org\/{rel}","templated":true}]}}