{"id":226,"date":"2025-09-01T14:29:21","date_gmt":"2025-09-01T17:29:21","guid":{"rendered":"https:\/\/oprlogistica.com.br\/site\/?page_id=226"},"modified":"2025-09-01T17:45:46","modified_gmt":"2025-09-01T20:45:46","slug":"esg","status":"publish","type":"page","link":"https:\/\/oprlogistica.com.br\/site\/sustentabilidade\/esg\/","title":{"rendered":"ESG"},"content":{"rendered":"<p data-start=\"216\" data-end=\"470\">Na OPR Log\u00edstica, acreditamos que a responsabilidade de uma empresa vai al\u00e9m do transporte e da efici\u00eancia operacional. Nosso compromisso est\u00e1 em gerar impacto positivo para a sociedade, respeitar o meio ambiente e atuar com \u00e9tica em todas as rela\u00e7\u00f5es.<\/p>\n<h2 data-start=\"472\" data-end=\"489\">Ambiental<\/h2>\n<p data-start=\"490\" data-end=\"784\">Adotamos pr\u00e1ticas de sustentabilidade que reduzem nossa pegada ambiental, como o uso de tecnologias para otimiza\u00e7\u00e3o de rotas, gest\u00e3o inteligente de frota e manuten\u00e7\u00e3o preventiva que diminui emiss\u00f5es de CO\u2082. Buscamos constantemente solu\u00e7\u00f5es inovadoras para tornar nossas opera\u00e7\u00f5es mais verdes.<\/p>\n<h2 data-start=\"786\" data-end=\"800\">Social<\/h2>\n<p data-start=\"801\" data-end=\"1068\">Valorizamos pessoas. Investimos no desenvolvimento de nossos colaboradores, promovemos um ambiente seguro e inclusivo, e apoiamos iniciativas sociais nas comunidades onde atuamos. Acreditamos que nosso crescimento deve caminhar junto com o desenvolvimento coletivo.<\/p>\n<h2 data-start=\"1070\" data-end=\"1088\">Governan\u00e7a<\/h2>\n<p data-start=\"1089\" data-end=\"1387\">Nossa gest\u00e3o \u00e9 pautada pela \u00e9tica, transpar\u00eancia e conformidade. Contamos com c\u00f3digo de conduta, pol\u00edticas de integridade e processos audit\u00e1veis, garantindo credibilidade nas rela\u00e7\u00f5es com clientes, parceiros e fornecedores. Atuamos sempre em conformidade com a LGPD e demais legisla\u00e7\u00f5es vigentes.<\/p>\n","protected":false},"excerpt":{"rendered":"<p>Na OPR Log\u00edstica, acreditamos que a responsabilidade de uma empresa vai al\u00e9m do transporte e da efici\u00eancia operacional. Nosso compromisso est\u00e1 [&hellip;]<\/p>\n","protected":false},"author":1,"featured_media":36,"parent":14,"menu_order":20,"comment_status":"closed","ping_status":"closed","template":"page-sustentabilidade.php","meta":{"_acf_changed":false,"footnotes":""},"class_list":["post-226","page","type-page","status-publish","has-post-thumbnail","hentry"],"acf":[],"yoast_head":"<!-- This site is optimized with the Yoast SEO plugin v26.0 - https:\/\/yoast.com\/wordpress\/plugins\/seo\/ -->\n<title>ESG - OPR Log\u00edstica | Transporte e Solu\u00e7\u00f5es Log\u00edsticas Inteligentes no Brasil<\/title>\n<meta name=\"robots\" content=\"index, follow, max-snippet:-1, max-image-preview:large, max-video-preview:-1\" \/>\n<link rel=\"canonical\" href=\"https:\/\/oprlogistica.com.br\/site\/sustentabilidade\/esg\/\" \/>\n<meta property=\"og:locale\" content=\"pt_BR\" \/>\n<meta property=\"og:type\" content=\"article\" \/>\n<meta property=\"og:title\" content=\"ESG - OPR Log\u00edstica | Transporte e Solu\u00e7\u00f5es Log\u00edsticas Inteligentes no Brasil\" \/>\n<meta property=\"og:description\" content=\"Na OPR Log\u00edstica, acreditamos que a responsabilidade de uma empresa vai al\u00e9m do transporte e da efici\u00eancia operacional. Nosso compromisso est\u00e1 [&hellip;]\" \/>\n<meta property=\"og:url\" content=\"https:\/\/oprlogistica.com.br\/site\/sustentabilidade\/esg\/\" \/>\n<meta property=\"og:site_name\" content=\"OPR Log\u00edstica | Transporte e Solu\u00e7\u00f5es Log\u00edsticas Inteligentes no Brasil\" \/>\n<meta property=\"article:modified_time\" content=\"2025-09-01T20:45:46+00:00\" \/>\n<meta property=\"og:image\" content=\"https:\/\/oprlogistica.com.br\/site\/wp-content\/uploads\/2025\/07\/pexels-kelly-1179532-2519392.jpg\" \/>\n\t<meta property=\"og:image:width\" content=\"1280\" \/>\n\t<meta property=\"og:image:height\" content=\"960\" \/>\n\t<meta property=\"og:image:type\" content=\"image\/jpeg\" \/>\n<meta name=\"twitter:card\" content=\"summary_large_image\" \/>\n<meta name=\"twitter:label1\" content=\"Est. tempo de leitura\" \/>\n\t<meta name=\"twitter:data1\" content=\"1 minuto\" \/>\n<script type=\"application\/ld+json\" class=\"yoast-schema-graph\">{\"@context\":\"https:\/\/schema.org\",\"@graph\":[{\"@type\":\"WebPage\",\"@id\":\"https:\/\/oprlogistica.com.br\/site\/sustentabilidade\/esg\/\",\"url\":\"https:\/\/oprlogistica.com.br\/site\/sustentabilidade\/esg\/\",\"name\":\"ESG - OPR Log\u00edstica | Transporte e Solu\u00e7\u00f5es Log\u00edsticas Inteligentes no Brasil\",\"isPartOf\":{\"@id\":\"https:\/\/oprlogistica.com.br\/site\/#website\"},\"primaryImageOfPage\":{\"@id\":\"https:\/\/oprlogistica.com.br\/site\/sustentabilidade\/esg\/#primaryimage\"},\"image\":{\"@id\":\"https:\/\/oprlogistica.com.br\/site\/sustentabilidade\/esg\/#primaryimage\"},\"thumbnailUrl\":\"https:\/\/oprlogistica.com.br\/site\/wp-content\/uploads\/2025\/07\/pexels-kelly-1179532-2519392.jpg\",\"datePublished\":\"2025-09-01T17:29:21+00:00\",\"dateModified\":\"2025-09-01T20:45:46+00:00\",\"breadcrumb\":{\"@id\":\"https:\/\/oprlogistica.com.br\/site\/sustentabilidade\/esg\/#breadcrumb\"},\"inLanguage\":\"pt-BR\",\"potentialAction\":[{\"@type\":\"ReadAction\",\"target\":[\"https:\/\/oprlogistica.com.br\/site\/sustentabilidade\/esg\/\"]}]},{\"@type\":\"ImageObject\",\"inLanguage\":\"pt-BR\",\"@id\":\"https:\/\/oprlogistica.com.br\/site\/sustentabilidade\/esg\/#primaryimage\",\"url\":\"https:\/\/oprlogistica.com.br\/site\/wp-content\/uploads\/2025\/07\/pexels-kelly-1179532-2519392.jpg\",\"contentUrl\":\"https:\/\/oprlogistica.com.br\/site\/wp-content\/uploads\/2025\/07\/pexels-kelly-1179532-2519392.jpg\",\"width\":1280,\"height\":960},{\"@type\":\"BreadcrumbList\",\"@id\":\"https:\/\/oprlogistica.com.br\/site\/sustentabilidade\/esg\/#breadcrumb\",\"itemListElement\":[{\"@type\":\"ListItem\",\"position\":1,\"name\":\"In\u00edcio\",\"item\":\"https:\/\/oprlogistica.com.br\/site\/\"},{\"@type\":\"ListItem\",\"position\":2,\"name\":\"Sustentabilidade\",\"item\":\"https:\/\/oprlogistica.com.br\/site\/sustentabilidade\/\"},{\"@type\":\"ListItem\",\"position\":3,\"name\":\"ESG\"}]},{\"@type\":\"WebSite\",\"@id\":\"https:\/\/oprlogistica.com.br\/site\/#website\",\"url\":\"https:\/\/oprlogistica.com.br\/site\/\",\"name\":\"OPR Log\u00edstica | Transporte e Solu\u00e7\u00f5es Log\u00edsticas Inteligentes no Brasil\",\"description\":\"A OPR Log\u00edstica oferece transporte rodovi\u00e1rio, solu\u00e7\u00f5es integradas e gest\u00e3o eficiente para empresas em todo o Brasil. Comprometimento, tecnologia e excel\u00eancia em cada entrega.\",\"potentialAction\":[{\"@type\":\"SearchAction\",\"target\":{\"@type\":\"EntryPoint\",\"urlTemplate\":\"https:\/\/oprlogistica.com.br\/site\/?s={search_term_string}\"},\"query-input\":{\"@type\":\"PropertyValueSpecification\",\"valueRequired\":true,\"valueName\":\"search_term_string\"}}],\"inLanguage\":\"pt-BR\"}]}<\/script>\n<!-- \/ Yoast SEO plugin. -->","yoast_head_json":{"title":"ESG - OPR Log\u00edstica | Transporte e Solu\u00e7\u00f5es Log\u00edsticas Inteligentes no Brasil","robots":{"index":"index","follow":"follow","max-snippet":"max-snippet:-1","max-image-preview":"max-image-preview:large","max-video-preview":"max-video-preview:-1"},"canonical":"https:\/\/oprlogistica.com.br\/site\/sustentabilidade\/esg\/","og_locale":"pt_BR","og_type":"article","og_title":"ESG - OPR Log\u00edstica | Transporte e Solu\u00e7\u00f5es Log\u00edsticas Inteligentes no Brasil","og_description":"Na OPR Log\u00edstica, acreditamos que a responsabilidade de uma empresa vai al\u00e9m do transporte e da efici\u00eancia operacional. Nosso compromisso est\u00e1 [&hellip;]","og_url":"https:\/\/oprlogistica.com.br\/site\/sustentabilidade\/esg\/","og_site_name":"OPR Log\u00edstica | Transporte e Solu\u00e7\u00f5es Log\u00edsticas Inteligentes no Brasil","article_modified_time":"2025-09-01T20:45:46+00:00","og_image":[{"width":1280,"height":960,"url":"https:\/\/oprlogistica.com.br\/site\/wp-content\/uploads\/2025\/07\/pexels-kelly-1179532-2519392.jpg","type":"image\/jpeg"}],"twitter_card":"summary_large_image","twitter_misc":{"Est. tempo de leitura":"1 minuto"},"schema":{"@context":"https:\/\/schema.org","@graph":[{"@type":"WebPage","@id":"https:\/\/oprlogistica.com.br\/site\/sustentabilidade\/esg\/","url":"https:\/\/oprlogistica.com.br\/site\/sustentabilidade\/esg\/","name":"ESG - OPR Log\u00edstica | Transporte e Solu\u00e7\u00f5es Log\u00edsticas Inteligentes no Brasil","isPartOf":{"@id":"https:\/\/oprlogistica.com.br\/site\/#website"},"primaryImageOfPage":{"@id":"https:\/\/oprlogistica.com.br\/site\/sustentabilidade\/esg\/#primaryimage"},"image":{"@id":"https:\/\/oprlogistica.com.br\/site\/sustentabilidade\/esg\/#primaryimage"},"thumbnailUrl":"https:\/\/oprlogistica.com.br\/site\/wp-content\/uploads\/2025\/07\/pexels-kelly-1179532-2519392.jpg","datePublished":"2025-09-01T17:29:21+00:00","dateModified":"2025-09-01T20:45:46+00:00","breadcrumb":{"@id":"https:\/\/oprlogistica.com.br\/site\/sustentabilidade\/esg\/#breadcrumb"},"inLanguage":"pt-BR","potentialAction":[{"@type":"ReadAction","target":["https:\/\/oprlogistica.com.br\/site\/sustentabilidade\/esg\/"]}]},{"@type":"ImageObject","inLanguage":"pt-BR","@id":"https:\/\/oprlogistica.com.br\/site\/sustentabilidade\/esg\/#primaryimage","url":"https:\/\/oprlogistica.com.br\/site\/wp-content\/uploads\/2025\/07\/pexels-kelly-1179532-2519392.jpg","contentUrl":"https:\/\/oprlogistica.com.br\/site\/wp-content\/uploads\/2025\/07\/pexels-kelly-1179532-2519392.jpg","width":1280,"height":960},{"@type":"BreadcrumbList","@id":"https:\/\/oprlogistica.com.br\/site\/sustentabilidade\/esg\/#breadcrumb","itemListElement":[{"@type":"ListItem","position":1,"name":"In\u00edcio","item":"https:\/\/oprlogistica.com.br\/site\/"},{"@type":"ListItem","position":2,"name":"Sustentabilidade","item":"https:\/\/oprlogistica.com.br\/site\/sustentabilidade\/"},{"@type":"ListItem","position":3,"name":"ESG"}]},{"@type":"WebSite","@id":"https:\/\/oprlogistica.com.br\/site\/#website","url":"https:\/\/oprlogistica.com.br\/site\/","name":"OPR Log\u00edstica | Transporte e Solu\u00e7\u00f5es Log\u00edsticas Inteligentes no Brasil","description":"A OPR Log\u00edstica oferece transporte rodovi\u00e1rio, solu\u00e7\u00f5es integradas e gest\u00e3o eficiente para empresas em todo o Brasil. Comprometimento, tecnologia e excel\u00eancia em cada entrega.","potentialAction":[{"@type":"SearchAction","target":{"@type":"EntryPoint","urlTemplate":"https:\/\/oprlogistica.com.br\/site\/?s={search_term_string}"},"query-input":{"@type":"PropertyValueSpecification","valueRequired":true,"valueName":"search_term_string"}}],"inLanguage":"pt-BR"}]}},"_links":{"self":[{"href":"https:\/\/oprlogistica.com.br\/site\/wp-json\/wp\/v2\/pages\/226","targetHints":{"allow":["GET"]}}],"collection":[{"href":"https:\/\/oprlogistica.com.br\/site\/wp-json\/wp\/v2\/pages"}],"about":[{"href":"https:\/\/oprlogistica.com.br\/site\/wp-json\/wp\/v2\/types\/page"}],"author":[{"embeddable":true,"href":"https:\/\/oprlogistica.com.br\/site\/wp-json\/wp\/v2\/users\/1"}],"replies":[{"embeddable":true,"href":"https:\/\/oprlogistica.com.br\/site\/wp-json\/wp\/v2\/comments?post=226"}],"version-history":[{"count":5,"href":"https:\/\/oprlogistica.com.br\/site\/wp-json\/wp\/v2\/pages\/226\/revisions"}],"predecessor-version":[{"id":267,"href":"https:\/\/oprlogistica.com.br\/site\/wp-json\/wp\/v2\/pages\/226\/revisions\/267"}],"up":[{"embeddable":true,"href":"https:\/\/oprlogistica.com.br\/site\/wp-json\/wp\/v2\/pages\/14"}],"wp:featuredmedia":[{"embeddable":true,"href":"https:\/\/oprlogistica.com.br\/site\/wp-json\/wp\/v2\/media\/36"}],"wp:attachment":[{"href":"https:\/\/oprlogistica.com.br\/site\/wp-json\/wp\/v2\/media?parent=226"}],"curies":[{"name":"wp","href":"https:\/\/api.w.org\/{rel}","templated":true}]}}