{"id":243,"date":"2025-09-01T15:20:30","date_gmt":"2025-09-01T18:20:30","guid":{"rendered":"https:\/\/oprlogistica.com.br\/site\/?page_id=243"},"modified":"2025-09-01T17:57:51","modified_gmt":"2025-09-01T20:57:51","slug":"nossa-historia","status":"publish","type":"page","link":"https:\/\/oprlogistica.com.br\/site\/institucional\/nossa-historia\/","title":{"rendered":"Nossa hist\u00f3ria"},"content":{"rendered":"<p>Fundada em 1997, iniciamos nossos servi\u00e7os com foco no transporte a\u00e9reo de cargas. Ao longo do tempo fomos nos aperfei\u00e7oando, come\u00e7amos a investir no transporte rodovi\u00e1rio e hoje, mais de 20 anos depois, somos uma das mais consolidadas empresas especializadas no setor de log\u00edstica e transporte, a \u00fanica presente em todo o Nordeste brasileiro.<\/p>\n<p>Com uma frota de +200 ve\u00edculos pr\u00f3prios, atendemos todos os tipos de cargas, em qualquer porte e volume, com ou sem valor comercial.<\/p>\n<p>Contamos com grande expertise na \u00e1rea log\u00edstica, o que nos oferece uma estrutura s\u00f3lida e capacidade t\u00e9cnica para a extens\u00e3o de nossa atua\u00e7\u00e3o em todo o territ\u00f3rio nacional.<\/p>\n<p>Percorrendo a rota da seguran\u00e7a e transpar\u00eancia, garantimos toda a seguran\u00e7a que a sua carga merece!<\/p>\n","protected":false},"excerpt":{"rendered":"<p>Fundada em 1997, iniciamos nossos servi\u00e7os com foco no transporte a\u00e9reo de cargas. Ao longo do tempo fomos nos aperfei\u00e7oando, come\u00e7amos [&hellip;]<\/p>\n","protected":false},"author":1,"featured_media":268,"parent":10,"menu_order":10,"comment_status":"closed","ping_status":"closed","template":"page-empresa.php","meta":{"_acf_changed":false,"footnotes":""},"class_list":["post-243","page","type-page","status-publish","has-post-thumbnail","hentry"],"acf":[],"yoast_head":"<!-- This site is optimized with the Yoast SEO plugin v26.0 - https:\/\/yoast.com\/wordpress\/plugins\/seo\/ -->\n<title>Nossa hist\u00f3ria - OPR Log\u00edstica | Transporte e Solu\u00e7\u00f5es Log\u00edsticas Inteligentes no Brasil<\/title>\n<meta name=\"robots\" content=\"index, follow, max-snippet:-1, max-image-preview:large, max-video-preview:-1\" \/>\n<link rel=\"canonical\" href=\"https:\/\/oprlogistica.com.br\/site\/institucional\/nossa-historia\/\" \/>\n<meta property=\"og:locale\" content=\"pt_BR\" \/>\n<meta property=\"og:type\" content=\"article\" \/>\n<meta property=\"og:title\" content=\"Nossa hist\u00f3ria - OPR Log\u00edstica | Transporte e Solu\u00e7\u00f5es Log\u00edsticas Inteligentes no Brasil\" \/>\n<meta property=\"og:description\" content=\"Fundada em 1997, iniciamos nossos servi\u00e7os com foco no transporte a\u00e9reo de cargas. Ao longo do tempo fomos nos aperfei\u00e7oando, come\u00e7amos [&hellip;]\" \/>\n<meta property=\"og:url\" content=\"https:\/\/oprlogistica.com.br\/site\/institucional\/nossa-historia\/\" \/>\n<meta property=\"og:site_name\" content=\"OPR Log\u00edstica | Transporte e Solu\u00e7\u00f5es Log\u00edsticas Inteligentes no Brasil\" \/>\n<meta property=\"article:modified_time\" content=\"2025-09-01T20:57:51+00:00\" \/>\n<meta property=\"og:image\" content=\"https:\/\/oprlogistica.com.br\/site\/wp-content\/uploads\/2025\/09\/previa-OPR-9082.jpg\" \/>\n\t<meta property=\"og:image:width\" content=\"2048\" \/>\n\t<meta property=\"og:image:height\" content=\"1365\" \/>\n\t<meta property=\"og:image:type\" content=\"image\/jpeg\" \/>\n<meta name=\"twitter:card\" content=\"summary_large_image\" \/>\n<meta name=\"twitter:label1\" content=\"Est. tempo de leitura\" \/>\n\t<meta name=\"twitter:data1\" content=\"1 minuto\" \/>\n<script type=\"application\/ld+json\" class=\"yoast-schema-graph\">{\"@context\":\"https:\/\/schema.org\",\"@graph\":[{\"@type\":\"WebPage\",\"@id\":\"https:\/\/oprlogistica.com.br\/site\/institucional\/nossa-historia\/\",\"url\":\"https:\/\/oprlogistica.com.br\/site\/institucional\/nossa-historia\/\",\"name\":\"Nossa hist\u00f3ria - OPR Log\u00edstica | Transporte e Solu\u00e7\u00f5es Log\u00edsticas Inteligentes no Brasil\",\"isPartOf\":{\"@id\":\"https:\/\/oprlogistica.com.br\/site\/#website\"},\"primaryImageOfPage\":{\"@id\":\"https:\/\/oprlogistica.com.br\/site\/institucional\/nossa-historia\/#primaryimage\"},\"image\":{\"@id\":\"https:\/\/oprlogistica.com.br\/site\/institucional\/nossa-historia\/#primaryimage\"},\"thumbnailUrl\":\"https:\/\/oprlogistica.com.br\/site\/wp-content\/uploads\/2025\/09\/previa-OPR-9082.jpg\",\"datePublished\":\"2025-09-01T18:20:30+00:00\",\"dateModified\":\"2025-09-01T20:57:51+00:00\",\"breadcrumb\":{\"@id\":\"https:\/\/oprlogistica.com.br\/site\/institucional\/nossa-historia\/#breadcrumb\"},\"inLanguage\":\"pt-BR\",\"potentialAction\":[{\"@type\":\"ReadAction\",\"target\":[\"https:\/\/oprlogistica.com.br\/site\/institucional\/nossa-historia\/\"]}]},{\"@type\":\"ImageObject\",\"inLanguage\":\"pt-BR\",\"@id\":\"https:\/\/oprlogistica.com.br\/site\/institucional\/nossa-historia\/#primaryimage\",\"url\":\"https:\/\/oprlogistica.com.br\/site\/wp-content\/uploads\/2025\/09\/previa-OPR-9082.jpg\",\"contentUrl\":\"https:\/\/oprlogistica.com.br\/site\/wp-content\/uploads\/2025\/09\/previa-OPR-9082.jpg\",\"width\":2048,\"height\":1365},{\"@type\":\"BreadcrumbList\",\"@id\":\"https:\/\/oprlogistica.com.br\/site\/institucional\/nossa-historia\/#breadcrumb\",\"itemListElement\":[{\"@type\":\"ListItem\",\"position\":1,\"name\":\"In\u00edcio\",\"item\":\"https:\/\/oprlogistica.com.br\/site\/\"},{\"@type\":\"ListItem\",\"position\":2,\"name\":\"Institucional\",\"item\":\"https:\/\/oprlogistica.com.br\/site\/institucional\/\"},{\"@type\":\"ListItem\",\"position\":3,\"name\":\"Nossa hist\u00f3ria\"}]},{\"@type\":\"WebSite\",\"@id\":\"https:\/\/oprlogistica.com.br\/site\/#website\",\"url\":\"https:\/\/oprlogistica.com.br\/site\/\",\"name\":\"OPR Log\u00edstica | Transporte e Solu\u00e7\u00f5es Log\u00edsticas Inteligentes no Brasil\",\"description\":\"A OPR Log\u00edstica oferece transporte rodovi\u00e1rio, solu\u00e7\u00f5es integradas e gest\u00e3o eficiente para empresas em todo o Brasil. Comprometimento, tecnologia e excel\u00eancia em cada entrega.\",\"potentialAction\":[{\"@type\":\"SearchAction\",\"target\":{\"@type\":\"EntryPoint\",\"urlTemplate\":\"https:\/\/oprlogistica.com.br\/site\/?s={search_term_string}\"},\"query-input\":{\"@type\":\"PropertyValueSpecification\",\"valueRequired\":true,\"valueName\":\"search_term_string\"}}],\"inLanguage\":\"pt-BR\"}]}<\/script>\n<!-- \/ Yoast SEO plugin. -->","yoast_head_json":{"title":"Nossa hist\u00f3ria - OPR Log\u00edstica | Transporte e Solu\u00e7\u00f5es Log\u00edsticas Inteligentes no Brasil","robots":{"index":"index","follow":"follow","max-snippet":"max-snippet:-1","max-image-preview":"max-image-preview:large","max-video-preview":"max-video-preview:-1"},"canonical":"https:\/\/oprlogistica.com.br\/site\/institucional\/nossa-historia\/","og_locale":"pt_BR","og_type":"article","og_title":"Nossa hist\u00f3ria - OPR Log\u00edstica | Transporte e Solu\u00e7\u00f5es Log\u00edsticas Inteligentes no Brasil","og_description":"Fundada em 1997, iniciamos nossos servi\u00e7os com foco no transporte a\u00e9reo de cargas. Ao longo do tempo fomos nos aperfei\u00e7oando, come\u00e7amos [&hellip;]","og_url":"https:\/\/oprlogistica.com.br\/site\/institucional\/nossa-historia\/","og_site_name":"OPR Log\u00edstica | Transporte e Solu\u00e7\u00f5es Log\u00edsticas Inteligentes no Brasil","article_modified_time":"2025-09-01T20:57:51+00:00","og_image":[{"width":2048,"height":1365,"url":"https:\/\/oprlogistica.com.br\/site\/wp-content\/uploads\/2025\/09\/previa-OPR-9082.jpg","type":"image\/jpeg"}],"twitter_card":"summary_large_image","twitter_misc":{"Est. tempo de leitura":"1 minuto"},"schema":{"@context":"https:\/\/schema.org","@graph":[{"@type":"WebPage","@id":"https:\/\/oprlogistica.com.br\/site\/institucional\/nossa-historia\/","url":"https:\/\/oprlogistica.com.br\/site\/institucional\/nossa-historia\/","name":"Nossa hist\u00f3ria - OPR Log\u00edstica | Transporte e Solu\u00e7\u00f5es Log\u00edsticas Inteligentes no Brasil","isPartOf":{"@id":"https:\/\/oprlogistica.com.br\/site\/#website"},"primaryImageOfPage":{"@id":"https:\/\/oprlogistica.com.br\/site\/institucional\/nossa-historia\/#primaryimage"},"image":{"@id":"https:\/\/oprlogistica.com.br\/site\/institucional\/nossa-historia\/#primaryimage"},"thumbnailUrl":"https:\/\/oprlogistica.com.br\/site\/wp-content\/uploads\/2025\/09\/previa-OPR-9082.jpg","datePublished":"2025-09-01T18:20:30+00:00","dateModified":"2025-09-01T20:57:51+00:00","breadcrumb":{"@id":"https:\/\/oprlogistica.com.br\/site\/institucional\/nossa-historia\/#breadcrumb"},"inLanguage":"pt-BR","potentialAction":[{"@type":"ReadAction","target":["https:\/\/oprlogistica.com.br\/site\/institucional\/nossa-historia\/"]}]},{"@type":"ImageObject","inLanguage":"pt-BR","@id":"https:\/\/oprlogistica.com.br\/site\/institucional\/nossa-historia\/#primaryimage","url":"https:\/\/oprlogistica.com.br\/site\/wp-content\/uploads\/2025\/09\/previa-OPR-9082.jpg","contentUrl":"https:\/\/oprlogistica.com.br\/site\/wp-content\/uploads\/2025\/09\/previa-OPR-9082.jpg","width":2048,"height":1365},{"@type":"BreadcrumbList","@id":"https:\/\/oprlogistica.com.br\/site\/institucional\/nossa-historia\/#breadcrumb","itemListElement":[{"@type":"ListItem","position":1,"name":"In\u00edcio","item":"https:\/\/oprlogistica.com.br\/site\/"},{"@type":"ListItem","position":2,"name":"Institucional","item":"https:\/\/oprlogistica.com.br\/site\/institucional\/"},{"@type":"ListItem","position":3,"name":"Nossa hist\u00f3ria"}]},{"@type":"WebSite","@id":"https:\/\/oprlogistica.com.br\/site\/#website","url":"https:\/\/oprlogistica.com.br\/site\/","name":"OPR Log\u00edstica | Transporte e Solu\u00e7\u00f5es Log\u00edsticas Inteligentes no Brasil","description":"A OPR Log\u00edstica oferece transporte rodovi\u00e1rio, solu\u00e7\u00f5es integradas e gest\u00e3o eficiente para empresas em todo o Brasil. Comprometimento, tecnologia e excel\u00eancia em cada entrega.","potentialAction":[{"@type":"SearchAction","target":{"@type":"EntryPoint","urlTemplate":"https:\/\/oprlogistica.com.br\/site\/?s={search_term_string}"},"query-input":{"@type":"PropertyValueSpecification","valueRequired":true,"valueName":"search_term_string"}}],"inLanguage":"pt-BR"}]}},"_links":{"self":[{"href":"https:\/\/oprlogistica.com.br\/site\/wp-json\/wp\/v2\/pages\/243","targetHints":{"allow":["GET"]}}],"collection":[{"href":"https:\/\/oprlogistica.com.br\/site\/wp-json\/wp\/v2\/pages"}],"about":[{"href":"https:\/\/oprlogistica.com.br\/site\/wp-json\/wp\/v2\/types\/page"}],"author":[{"embeddable":true,"href":"https:\/\/oprlogistica.com.br\/site\/wp-json\/wp\/v2\/users\/1"}],"replies":[{"embeddable":true,"href":"https:\/\/oprlogistica.com.br\/site\/wp-json\/wp\/v2\/comments?post=243"}],"version-history":[{"count":1,"href":"https:\/\/oprlogistica.com.br\/site\/wp-json\/wp\/v2\/pages\/243\/revisions"}],"predecessor-version":[{"id":244,"href":"https:\/\/oprlogistica.com.br\/site\/wp-json\/wp\/v2\/pages\/243\/revisions\/244"}],"up":[{"embeddable":true,"href":"https:\/\/oprlogistica.com.br\/site\/wp-json\/wp\/v2\/pages\/10"}],"wp:featuredmedia":[{"embeddable":true,"href":"https:\/\/oprlogistica.com.br\/site\/wp-json\/wp\/v2\/media\/268"}],"wp:attachment":[{"href":"https:\/\/oprlogistica.com.br\/site\/wp-json\/wp\/v2\/media?parent=243"}],"curies":[{"name":"wp","href":"https:\/\/api.w.org\/{rel}","templated":true}]}}