{"id":245,"date":"2025-09-01T15:21:59","date_gmt":"2025-09-01T18:21:59","guid":{"rendered":"https:\/\/oprlogistica.com.br\/site\/?page_id=245"},"modified":"2025-09-01T18:05:42","modified_gmt":"2025-09-01T21:05:42","slug":"missao-visao-e-valores","status":"publish","type":"page","link":"https:\/\/oprlogistica.com.br\/site\/institucional\/missao-visao-e-valores\/","title":{"rendered":"Miss\u00e3o, vis\u00e3o e valores"},"content":{"rendered":"<h2>Miss\u00e3o<\/h2>\n<p>Garantir solu\u00e7\u00f5es log\u00edsticas seguras, \u00e1geis e personalizadas, conectando empresas em todo o Brasil com efici\u00eancia, transpar\u00eancia e tecnologia de ponta.<\/p>\n<h2>Vis\u00e3o<\/h2>\n<p>Ser refer\u00eancia nacional em log\u00edstica integrada, reconhecida pela inova\u00e7\u00e3o, confiabilidade e excel\u00eancia no atendimento, expandindo continuamente nossa atua\u00e7\u00e3o e fortalecendo parcerias estrat\u00e9gicas.<\/p>\n<h2>Valores<\/h2>\n<ul>\n<li data-start=\"623\" data-end=\"715\">\n<p data-start=\"625\" data-end=\"715\"><strong data-start=\"625\" data-end=\"638\">Seguran\u00e7a<\/strong> \u2013 Priorizar a prote\u00e7\u00e3o de cada carga e a tranquilidade de nossos clientes.<\/p>\n<\/li>\n<li data-start=\"716\" data-end=\"807\">\n<p data-start=\"718\" data-end=\"807\"><strong data-start=\"718\" data-end=\"735\">Transpar\u00eancia<\/strong> \u2013 Atuar com clareza e \u00e9tica em todas as etapas do processo log\u00edstico.<\/p>\n<\/li>\n<li data-start=\"808\" data-end=\"895\">\n<p data-start=\"810\" data-end=\"895\"><strong data-start=\"810\" data-end=\"822\">Inova\u00e7\u00e3o<\/strong> \u2013 Investir constantemente em tecnologia e gest\u00e3o inteligente de frota.<\/p>\n<\/li>\n<li data-start=\"896\" data-end=\"984\">\n<p data-start=\"898\" data-end=\"984\"><strong data-start=\"898\" data-end=\"915\">Flexibilidade<\/strong> \u2013 Adaptar solu\u00e7\u00f5es sob medida para cada necessidade de transporte.<\/p>\n<\/li>\n<li data-start=\"985\" data-end=\"1070\">\n<p data-start=\"987\" data-end=\"1070\"><strong data-start=\"987\" data-end=\"1002\">Compromisso<\/strong> \u2013 Cumprir prazos e garantir a pontualidade em todas as opera\u00e7\u00f5es.<\/p>\n<\/li>\n<li data-start=\"1071\" data-end=\"1161\">\n<p data-start=\"1073\" data-end=\"1161\"><strong data-start=\"1073\" data-end=\"1100\">Valoriza\u00e7\u00e3o das Pessoas<\/strong> \u2013 Reconhecer colaboradores como base do nosso crescimento.<\/p>\n<\/li>\n<li data-start=\"1162\" data-end=\"1263\">\n<p data-start=\"1164\" data-end=\"1263\"><strong data-start=\"1164\" data-end=\"1184\">Sustentabilidade<\/strong> \u2013 Conduzir opera\u00e7\u00f5es de forma respons\u00e1vel com o meio ambiente e a sociedade.<\/p>\n<\/li>\n<\/ul>\n","protected":false},"excerpt":{"rendered":"<p>Miss\u00e3o Garantir solu\u00e7\u00f5es log\u00edsticas seguras, \u00e1geis e personalizadas, conectando empresas em todo o Brasil com efici\u00eancia, transpar\u00eancia e tecnologia de ponta. [&hellip;]<\/p>\n","protected":false},"author":1,"featured_media":276,"parent":10,"menu_order":12,"comment_status":"closed","ping_status":"closed","template":"page-missao.php","meta":{"_acf_changed":false,"footnotes":""},"class_list":["post-245","page","type-page","status-publish","has-post-thumbnail","hentry"],"acf":[],"yoast_head":"<!-- This site is optimized with the Yoast SEO plugin v26.0 - https:\/\/yoast.com\/wordpress\/plugins\/seo\/ -->\n<title>Miss\u00e3o, vis\u00e3o e valores - OPR Log\u00edstica | Transporte e Solu\u00e7\u00f5es Log\u00edsticas Inteligentes no Brasil<\/title>\n<meta name=\"robots\" content=\"index, follow, max-snippet:-1, max-image-preview:large, max-video-preview:-1\" \/>\n<link rel=\"canonical\" href=\"https:\/\/oprlogistica.com.br\/site\/institucional\/missao-visao-e-valores\/\" \/>\n<meta property=\"og:locale\" content=\"pt_BR\" \/>\n<meta property=\"og:type\" content=\"article\" \/>\n<meta property=\"og:title\" content=\"Miss\u00e3o, vis\u00e3o e valores - OPR Log\u00edstica | Transporte e Solu\u00e7\u00f5es Log\u00edsticas Inteligentes no Brasil\" \/>\n<meta property=\"og:description\" content=\"Miss\u00e3o Garantir solu\u00e7\u00f5es log\u00edsticas seguras, \u00e1geis e personalizadas, conectando empresas em todo o Brasil com efici\u00eancia, transpar\u00eancia e tecnologia de ponta. [&hellip;]\" \/>\n<meta property=\"og:url\" content=\"https:\/\/oprlogistica.com.br\/site\/institucional\/missao-visao-e-valores\/\" \/>\n<meta property=\"og:site_name\" content=\"OPR Log\u00edstica | Transporte e Solu\u00e7\u00f5es Log\u00edsticas Inteligentes no Brasil\" \/>\n<meta property=\"article:modified_time\" content=\"2025-09-01T21:05:42+00:00\" \/>\n<meta property=\"og:image\" content=\"https:\/\/oprlogistica.com.br\/site\/wp-content\/uploads\/2025\/09\/FOTO-9.jpg\" \/>\n\t<meta property=\"og:image:width\" content=\"1200\" \/>\n\t<meta property=\"og:image:height\" content=\"1600\" \/>\n\t<meta property=\"og:image:type\" content=\"image\/jpeg\" \/>\n<meta name=\"twitter:card\" content=\"summary_large_image\" \/>\n<meta name=\"twitter:label1\" content=\"Est. tempo de leitura\" \/>\n\t<meta name=\"twitter:data1\" content=\"1 minuto\" \/>\n<script type=\"application\/ld+json\" class=\"yoast-schema-graph\">{\"@context\":\"https:\/\/schema.org\",\"@graph\":[{\"@type\":\"WebPage\",\"@id\":\"https:\/\/oprlogistica.com.br\/site\/institucional\/missao-visao-e-valores\/\",\"url\":\"https:\/\/oprlogistica.com.br\/site\/institucional\/missao-visao-e-valores\/\",\"name\":\"Miss\u00e3o, vis\u00e3o e valores - OPR Log\u00edstica | Transporte e Solu\u00e7\u00f5es Log\u00edsticas Inteligentes no Brasil\",\"isPartOf\":{\"@id\":\"https:\/\/oprlogistica.com.br\/site\/#website\"},\"primaryImageOfPage\":{\"@id\":\"https:\/\/oprlogistica.com.br\/site\/institucional\/missao-visao-e-valores\/#primaryimage\"},\"image\":{\"@id\":\"https:\/\/oprlogistica.com.br\/site\/institucional\/missao-visao-e-valores\/#primaryimage\"},\"thumbnailUrl\":\"https:\/\/oprlogistica.com.br\/site\/wp-content\/uploads\/2025\/09\/FOTO-9.jpg\",\"datePublished\":\"2025-09-01T18:21:59+00:00\",\"dateModified\":\"2025-09-01T21:05:42+00:00\",\"breadcrumb\":{\"@id\":\"https:\/\/oprlogistica.com.br\/site\/institucional\/missao-visao-e-valores\/#breadcrumb\"},\"inLanguage\":\"pt-BR\",\"potentialAction\":[{\"@type\":\"ReadAction\",\"target\":[\"https:\/\/oprlogistica.com.br\/site\/institucional\/missao-visao-e-valores\/\"]}]},{\"@type\":\"ImageObject\",\"inLanguage\":\"pt-BR\",\"@id\":\"https:\/\/oprlogistica.com.br\/site\/institucional\/missao-visao-e-valores\/#primaryimage\",\"url\":\"https:\/\/oprlogistica.com.br\/site\/wp-content\/uploads\/2025\/09\/FOTO-9.jpg\",\"contentUrl\":\"https:\/\/oprlogistica.com.br\/site\/wp-content\/uploads\/2025\/09\/FOTO-9.jpg\",\"width\":1200,\"height\":1600},{\"@type\":\"BreadcrumbList\",\"@id\":\"https:\/\/oprlogistica.com.br\/site\/institucional\/missao-visao-e-valores\/#breadcrumb\",\"itemListElement\":[{\"@type\":\"ListItem\",\"position\":1,\"name\":\"In\u00edcio\",\"item\":\"https:\/\/oprlogistica.com.br\/site\/\"},{\"@type\":\"ListItem\",\"position\":2,\"name\":\"Institucional\",\"item\":\"https:\/\/oprlogistica.com.br\/site\/institucional\/\"},{\"@type\":\"ListItem\",\"position\":3,\"name\":\"Miss\u00e3o, vis\u00e3o e valores\"}]},{\"@type\":\"WebSite\",\"@id\":\"https:\/\/oprlogistica.com.br\/site\/#website\",\"url\":\"https:\/\/oprlogistica.com.br\/site\/\",\"name\":\"OPR Log\u00edstica | Transporte e Solu\u00e7\u00f5es Log\u00edsticas Inteligentes no Brasil\",\"description\":\"A OPR Log\u00edstica oferece transporte rodovi\u00e1rio, solu\u00e7\u00f5es integradas e gest\u00e3o eficiente para empresas em todo o Brasil. Comprometimento, tecnologia e excel\u00eancia em cada entrega.\",\"potentialAction\":[{\"@type\":\"SearchAction\",\"target\":{\"@type\":\"EntryPoint\",\"urlTemplate\":\"https:\/\/oprlogistica.com.br\/site\/?s={search_term_string}\"},\"query-input\":{\"@type\":\"PropertyValueSpecification\",\"valueRequired\":true,\"valueName\":\"search_term_string\"}}],\"inLanguage\":\"pt-BR\"}]}<\/script>\n<!-- \/ Yoast SEO plugin. -->","yoast_head_json":{"title":"Miss\u00e3o, vis\u00e3o e valores - OPR Log\u00edstica | Transporte e Solu\u00e7\u00f5es Log\u00edsticas Inteligentes no Brasil","robots":{"index":"index","follow":"follow","max-snippet":"max-snippet:-1","max-image-preview":"max-image-preview:large","max-video-preview":"max-video-preview:-1"},"canonical":"https:\/\/oprlogistica.com.br\/site\/institucional\/missao-visao-e-valores\/","og_locale":"pt_BR","og_type":"article","og_title":"Miss\u00e3o, vis\u00e3o e valores - OPR Log\u00edstica | Transporte e Solu\u00e7\u00f5es Log\u00edsticas Inteligentes no Brasil","og_description":"Miss\u00e3o Garantir solu\u00e7\u00f5es log\u00edsticas seguras, \u00e1geis e personalizadas, conectando empresas em todo o Brasil com efici\u00eancia, transpar\u00eancia e tecnologia de ponta. [&hellip;]","og_url":"https:\/\/oprlogistica.com.br\/site\/institucional\/missao-visao-e-valores\/","og_site_name":"OPR Log\u00edstica | Transporte e Solu\u00e7\u00f5es Log\u00edsticas Inteligentes no Brasil","article_modified_time":"2025-09-01T21:05:42+00:00","og_image":[{"width":1200,"height":1600,"url":"https:\/\/oprlogistica.com.br\/site\/wp-content\/uploads\/2025\/09\/FOTO-9.jpg","type":"image\/jpeg"}],"twitter_card":"summary_large_image","twitter_misc":{"Est. tempo de leitura":"1 minuto"},"schema":{"@context":"https:\/\/schema.org","@graph":[{"@type":"WebPage","@id":"https:\/\/oprlogistica.com.br\/site\/institucional\/missao-visao-e-valores\/","url":"https:\/\/oprlogistica.com.br\/site\/institucional\/missao-visao-e-valores\/","name":"Miss\u00e3o, vis\u00e3o e valores - OPR Log\u00edstica | Transporte e Solu\u00e7\u00f5es Log\u00edsticas Inteligentes no Brasil","isPartOf":{"@id":"https:\/\/oprlogistica.com.br\/site\/#website"},"primaryImageOfPage":{"@id":"https:\/\/oprlogistica.com.br\/site\/institucional\/missao-visao-e-valores\/#primaryimage"},"image":{"@id":"https:\/\/oprlogistica.com.br\/site\/institucional\/missao-visao-e-valores\/#primaryimage"},"thumbnailUrl":"https:\/\/oprlogistica.com.br\/site\/wp-content\/uploads\/2025\/09\/FOTO-9.jpg","datePublished":"2025-09-01T18:21:59+00:00","dateModified":"2025-09-01T21:05:42+00:00","breadcrumb":{"@id":"https:\/\/oprlogistica.com.br\/site\/institucional\/missao-visao-e-valores\/#breadcrumb"},"inLanguage":"pt-BR","potentialAction":[{"@type":"ReadAction","target":["https:\/\/oprlogistica.com.br\/site\/institucional\/missao-visao-e-valores\/"]}]},{"@type":"ImageObject","inLanguage":"pt-BR","@id":"https:\/\/oprlogistica.com.br\/site\/institucional\/missao-visao-e-valores\/#primaryimage","url":"https:\/\/oprlogistica.com.br\/site\/wp-content\/uploads\/2025\/09\/FOTO-9.jpg","contentUrl":"https:\/\/oprlogistica.com.br\/site\/wp-content\/uploads\/2025\/09\/FOTO-9.jpg","width":1200,"height":1600},{"@type":"BreadcrumbList","@id":"https:\/\/oprlogistica.com.br\/site\/institucional\/missao-visao-e-valores\/#breadcrumb","itemListElement":[{"@type":"ListItem","position":1,"name":"In\u00edcio","item":"https:\/\/oprlogistica.com.br\/site\/"},{"@type":"ListItem","position":2,"name":"Institucional","item":"https:\/\/oprlogistica.com.br\/site\/institucional\/"},{"@type":"ListItem","position":3,"name":"Miss\u00e3o, vis\u00e3o e valores"}]},{"@type":"WebSite","@id":"https:\/\/oprlogistica.com.br\/site\/#website","url":"https:\/\/oprlogistica.com.br\/site\/","name":"OPR Log\u00edstica | Transporte e Solu\u00e7\u00f5es Log\u00edsticas Inteligentes no Brasil","description":"A OPR Log\u00edstica oferece transporte rodovi\u00e1rio, solu\u00e7\u00f5es integradas e gest\u00e3o eficiente para empresas em todo o Brasil. Comprometimento, tecnologia e excel\u00eancia em cada entrega.","potentialAction":[{"@type":"SearchAction","target":{"@type":"EntryPoint","urlTemplate":"https:\/\/oprlogistica.com.br\/site\/?s={search_term_string}"},"query-input":{"@type":"PropertyValueSpecification","valueRequired":true,"valueName":"search_term_string"}}],"inLanguage":"pt-BR"}]}},"_links":{"self":[{"href":"https:\/\/oprlogistica.com.br\/site\/wp-json\/wp\/v2\/pages\/245","targetHints":{"allow":["GET"]}}],"collection":[{"href":"https:\/\/oprlogistica.com.br\/site\/wp-json\/wp\/v2\/pages"}],"about":[{"href":"https:\/\/oprlogistica.com.br\/site\/wp-json\/wp\/v2\/types\/page"}],"author":[{"embeddable":true,"href":"https:\/\/oprlogistica.com.br\/site\/wp-json\/wp\/v2\/users\/1"}],"replies":[{"embeddable":true,"href":"https:\/\/oprlogistica.com.br\/site\/wp-json\/wp\/v2\/comments?post=245"}],"version-history":[{"count":3,"href":"https:\/\/oprlogistica.com.br\/site\/wp-json\/wp\/v2\/pages\/245\/revisions"}],"predecessor-version":[{"id":261,"href":"https:\/\/oprlogistica.com.br\/site\/wp-json\/wp\/v2\/pages\/245\/revisions\/261"}],"up":[{"embeddable":true,"href":"https:\/\/oprlogistica.com.br\/site\/wp-json\/wp\/v2\/pages\/10"}],"wp:featuredmedia":[{"embeddable":true,"href":"https:\/\/oprlogistica.com.br\/site\/wp-json\/wp\/v2\/media\/276"}],"wp:attachment":[{"href":"https:\/\/oprlogistica.com.br\/site\/wp-json\/wp\/v2\/media?parent=245"}],"curies":[{"name":"wp","href":"https:\/\/api.w.org\/{rel}","templated":true}]}}