{"id":296,"date":"2025-09-16T13:10:55","date_gmt":"2025-09-16T16:10:55","guid":{"rendered":"https:\/\/oprlogistica.com.br\/site\/?page_id=296"},"modified":"2025-09-16T15:27:20","modified_gmt":"2025-09-16T18:27:20","slug":"compliance","status":"publish","type":"page","link":"https:\/\/oprlogistica.com.br\/site\/sustentabilidade\/compliance\/","title":{"rendered":"Conduta \u00c9tica e Compliance"},"content":{"rendered":"<p data-start=\"255\" data-end=\"579\">Na <strong data-start=\"258\" data-end=\"275\">OPR Log\u00edstica<\/strong>, acreditamos que a forma como conduzimos nossos neg\u00f3cios \u00e9 t\u00e3o importante quanto os resultados que entregamos. Por isso, temos um compromisso permanente com a <strong data-start=\"435\" data-end=\"452\">conduta \u00e9tica<\/strong> e o <strong data-start=\"457\" data-end=\"471\">compliance<\/strong>, assegurando que todas as nossas opera\u00e7\u00f5es sejam realizadas com integridade, respeito e responsabilidade.<\/p>\n<p data-start=\"255\" data-end=\"579\"><span class=\"eap-shortcode-selectable\"><style>#sp-ea-300 .spcollapsing { height: 0; overflow: hidden; transition-property: height;transition-duration: 300ms;}#sp-ea-300.sp-easy-accordion>.sp-ea-single {margin-bottom: 10px; border: 1px solid #e2e2e2; }#sp-ea-300.sp-easy-accordion>.sp-ea-single>.ea-header a {color: #ffffff;}#sp-ea-300.sp-easy-accordion>.sp-ea-single>.sp-collapse>.ea-body {background: #fff; color: #020202;}#sp-ea-300.sp-easy-accordion>.sp-ea-single {background: #f26f18;}#sp-ea-300.sp-easy-accordion>.sp-ea-single>.ea-header a .ea-expand-icon { float: left; color: #444;font-size: 16px;}<\/style><div id=\"sp_easy_accordion-1758046912\"><div id=\"sp-ea-300\" class=\"sp-ea-one sp-easy-accordion\" data-ea-active=\"ea-click\" data-ea-mode=\"vertical\" data-preloader=\"\" data-scroll-active-item=\"\" data-offset-to-scroll=\"0\"><div class=\"ea-card ea-expand sp-ea-single\"><h3 class=\"ea-header\"><a class=\"collapsed\" id=\"ea-header-3000\" role=\"button\" data-sptoggle=\"spcollapse\" data-sptarget=\"#collapse3000\" aria-controls=\"collapse3000\" href=\"#\" aria-expanded=\"true\" tabindex=\"0\"><i aria-hidden=\"true\" role=\"presentation\" class=\"ea-expand-icon eap-icon-ea-expand-minus\"><\/i> O que \u00e9 Compliance?<\/a><\/h3><div class=\"sp-collapse spcollapse collapsed show\" id=\"collapse3000\" data-parent=\"#sp-ea-300\" role=\"region\" aria-labelledby=\"ea-header-3000\"> <div class=\"ea-body\"><p>Compliance significa <strong data-start=\"632\" data-end=\"683\">cumprir regras, leis, pol\u00edticas e procedimentos<\/strong>. Para n\u00f3s, \u00e9 mais do que uma obriga\u00e7\u00e3o legal: \u00e9 uma postura essencial que deve estar presente no dia a dia de cada colaborador, garantindo que nossas a\u00e7\u00f5es estejam alinhadas aos princ\u00edpios que regem a OPR Log\u00edstica.<\/p><\/div><\/div><\/div><div class=\"ea-card sp-ea-single\"><h3 class=\"ea-header\"><a class=\"collapsed\" id=\"ea-header-3001\" role=\"button\" data-sptoggle=\"spcollapse\" data-sptarget=\"#collapse3001\" aria-controls=\"collapse3001\" href=\"#\" aria-expanded=\"false\" tabindex=\"0\"><i aria-hidden=\"true\" role=\"presentation\" class=\"ea-expand-icon eap-icon-ea-expand-plus\"><\/i> Nossos Princ\u00edpios \u00c9ticos<\/a><\/h3><div class=\"sp-collapse spcollapse \" id=\"collapse3001\" data-parent=\"#sp-ea-300\" role=\"region\" aria-labelledby=\"ea-header-3001\"> <div class=\"ea-body\"><ul data-start=\"938\" data-end=\"1177\"><li data-start=\"938\" data-end=\"986\"><p data-start=\"940\" data-end=\"986\">Respeito e dignidade no ambiente de trabalho<\/p><\/li><li data-start=\"987\" data-end=\"1036\"><p data-start=\"989\" data-end=\"1036\">Valoriza\u00e7\u00e3o da diversidade e das novas ideias<\/p><\/li><li data-start=\"1037\" data-end=\"1107\"><p data-start=\"1039\" data-end=\"1107\">Responsabilidade pelo que falamos e compartilhamos sobre a empresa<\/p><\/li><li data-start=\"1108\" data-end=\"1177\"><p data-start=\"1110\" data-end=\"1177\">Compromisso em criar um ambiente seguro, colaborativo e produtivo<\/p><\/li><\/ul><p data-start=\"1179\" data-end=\"1280\">Esses princ\u00edpios sustentam nossa cultura e orientam todas as nossas rela\u00e7\u00f5es \u2014 internas e externas.<\/p><\/div><\/div><\/div><div class=\"ea-card sp-ea-single\"><h3 class=\"ea-header\"><a class=\"collapsed\" id=\"ea-header-3002\" role=\"button\" data-sptoggle=\"spcollapse\" data-sptarget=\"#collapse3002\" aria-controls=\"collapse3002\" href=\"#\" aria-expanded=\"false\" tabindex=\"0\"><i aria-hidden=\"true\" role=\"presentation\" class=\"ea-expand-icon eap-icon-ea-expand-plus\"><\/i> C\u00f3digo de \u00c9tica<\/a><\/h3><div class=\"sp-collapse spcollapse \" id=\"collapse3002\" data-parent=\"#sp-ea-300\" role=\"region\" aria-labelledby=\"ea-header-3002\"> <div class=\"ea-body\"><p data-start=\"1308\" data-end=\"1451\">Nosso <strong data-start=\"1314\" data-end=\"1333\">C\u00f3digo de \u00c9tica<\/strong> estabelece de forma clara as regras de conduta que devem ser seguidas por todos. Ele refor\u00e7a nosso compromisso com:<\/p><ul data-start=\"1452\" data-end=\"1598\"><li data-start=\"1452\" data-end=\"1520\"><p data-start=\"1454\" data-end=\"1520\"><strong data-start=\"1454\" data-end=\"1468\">As pessoas<\/strong>: valoriza\u00e7\u00e3o e respeito a todos os colaboradores.<\/p><\/li><li data-start=\"1521\" data-end=\"1598\"><p data-start=\"1523\" data-end=\"1598\"><strong data-start=\"1523\" data-end=\"1536\">A empresa<\/strong>: zelo pela reputa\u00e7\u00e3o, patrim\u00f4nio e imagem da OPR Log\u00edstica.<\/p><\/li><\/ul><\/div><\/div><\/div><div class=\"ea-card sp-ea-single\"><h3 class=\"ea-header\"><a class=\"collapsed\" id=\"ea-header-3003\" role=\"button\" data-sptoggle=\"spcollapse\" data-sptarget=\"#collapse3003\" aria-controls=\"collapse3003\" href=\"#\" aria-expanded=\"false\" tabindex=\"0\"><i aria-hidden=\"true\" role=\"presentation\" class=\"ea-expand-icon eap-icon-ea-expand-plus\"><\/i> Seguran\u00e7a e Responsabilidade<\/a><\/h3><div class=\"sp-collapse spcollapse \" id=\"collapse3003\" data-parent=\"#sp-ea-300\" role=\"region\" aria-labelledby=\"ea-header-3003\"> <div class=\"ea-body\"><p data-start=\"1639\" data-end=\"1788\">A seguran\u00e7a \u00e9 prioridade em nossas opera\u00e7\u00f5es. Todos os procedimentos foram estruturados para proteger nossos colaboradores, clientes e mercadorias.<\/p><p data-start=\"1790\" data-end=\"2062\">N\u00e3o admitimos desvios de conduta ou de mercadorias, e contamos com auditorias peri\u00f3dicas para assegurar o cumprimento de nossas pr\u00e1ticas.<br data-start=\"1927\" data-end=\"1930\" \/>Qualquer irregularidade deve ser imediatamente reportada ao setor de <strong data-start=\"1999\" data-end=\"2019\">Recursos Humanos<\/strong> ou por meio do nosso <strong data-start=\"2041\" data-end=\"2059\">Canal de \u00c9tica<\/strong>.<\/p><\/div><\/div><\/div><div class=\"ea-card sp-ea-single\"><h3 class=\"ea-header\"><a class=\"collapsed\" id=\"ea-header-3004\" role=\"button\" data-sptoggle=\"spcollapse\" data-sptarget=\"#collapse3004\" aria-controls=\"collapse3004\" href=\"#\" aria-expanded=\"false\" tabindex=\"0\"><i aria-hidden=\"true\" role=\"presentation\" class=\"ea-expand-icon eap-icon-ea-expand-plus\"><\/i> Canal de \u00c9tica<\/a><\/h3><div class=\"sp-collapse spcollapse \" id=\"collapse3004\" data-parent=\"#sp-ea-300\" role=\"region\" aria-labelledby=\"ea-header-3004\"> <div class=\"ea-body\"><p>Disponibilizamos um <strong data-start=\"2109\" data-end=\"2136\">canal sigiloso e seguro<\/strong> para den\u00fancias, que pode ser utilizado de forma an\u00f4nima.<br data-start=\"2193\" data-end=\"2196\" \/>O objetivo \u00e9 garantir a investiga\u00e7\u00e3o adequada de qualquer desvio de comportamento ou pr\u00e1tica, protegendo tanto a empresa quanto seus colaboradores e clientes.<\/p><\/div><\/div><\/div><div class=\"ea-card sp-ea-single\"><h3 class=\"ea-header\"><a class=\"collapsed\" id=\"ea-header-3005\" role=\"button\" data-sptoggle=\"spcollapse\" data-sptarget=\"#collapse3005\" aria-controls=\"collapse3005\" href=\"#\" aria-expanded=\"false\" tabindex=\"0\"><i aria-hidden=\"true\" role=\"presentation\" class=\"ea-expand-icon eap-icon-ea-expand-plus\"><\/i> Nossos Clientes e a Lei Geral de Prote\u00e7\u00e3o de Dados (LGPD)<\/a><\/h3><div class=\"sp-collapse spcollapse \" id=\"collapse3005\" data-parent=\"#sp-ea-300\" role=\"region\" aria-labelledby=\"ea-header-3005\"> <div class=\"ea-body\"><p data-start=\"2426\" data-end=\"2550\">Cada atividade realizada pela OPR Log\u00edstica tem impacto direto na satisfa\u00e7\u00e3o de nossos clientes e dos consumidores finais.<\/p><p data-start=\"2552\" data-end=\"2822\">Por isso, tratamos todas as informa\u00e7\u00f5es com o mesmo cuidado que dedicamos aos nossos dados pessoais, em conformidade com a <strong data-start=\"2675\" data-end=\"2683\">LGPD<\/strong>.<br data-start=\"2684\" data-end=\"2687\" \/>Dados como curr\u00edculos, etiquetas de identifica\u00e7\u00e3o, endere\u00e7os e romaneios devem ser sempre protegidos e descartados de forma adequada.<\/p><\/div><\/div><\/div><div class=\"ea-card sp-ea-single\"><h3 class=\"ea-header\"><a class=\"collapsed\" id=\"ea-header-3006\" role=\"button\" data-sptoggle=\"spcollapse\" data-sptarget=\"#collapse3006\" aria-controls=\"collapse3006\" href=\"#\" aria-expanded=\"false\" tabindex=\"0\"><i aria-hidden=\"true\" role=\"presentation\" class=\"ea-expand-icon eap-icon-ea-expand-plus\"><\/i> Nosso Compromisso<\/a><\/h3><div class=\"sp-collapse spcollapse \" id=\"collapse3006\" data-parent=\"#sp-ea-300\" role=\"region\" aria-labelledby=\"ea-header-3006\"> <div class=\"ea-body\"><p data-start=\"2852\" data-end=\"3023\">A reputa\u00e7\u00e3o da OPR Log\u00edstica \u00e9 constru\u00edda todos os dias, por meio da forma como atendemos clientes, nos relacionamos com parceiros e cultivamos um ambiente de confian\u00e7a.<\/p><p data-start=\"3025\" data-end=\"3136\">Nosso compromisso \u00e9 claro: <strong data-start=\"3052\" data-end=\"3134\">agir com \u00e9tica, transpar\u00eancia e responsabilidade em todas as nossas opera\u00e7\u00f5es.<\/strong><\/p><\/div><\/div><\/div><\/div><\/div><\/span><\/p>\n","protected":false},"excerpt":{"rendered":"<p>Na OPR Log\u00edstica, acreditamos que a forma como conduzimos nossos neg\u00f3cios \u00e9 t\u00e3o importante quanto os resultados que entregamos. Por isso, [&hellip;]<\/p>\n","protected":false},"author":1,"featured_media":268,"parent":14,"menu_order":0,"comment_status":"closed","ping_status":"closed","template":"page-sustentabilidade.php","meta":{"_acf_changed":false,"footnotes":""},"class_list":["post-296","page","type-page","status-publish","has-post-thumbnail","hentry"],"acf":[],"yoast_head":"<!-- This site is optimized with the Yoast SEO plugin v26.0 - https:\/\/yoast.com\/wordpress\/plugins\/seo\/ -->\n<title>Conduta \u00c9tica e Compliance - OPR Log\u00edstica | Transporte e Solu\u00e7\u00f5es Log\u00edsticas Inteligentes no Brasil<\/title>\n<meta name=\"robots\" content=\"index, follow, max-snippet:-1, max-image-preview:large, max-video-preview:-1\" \/>\n<link rel=\"canonical\" href=\"https:\/\/oprlogistica.com.br\/site\/sustentabilidade\/compliance\/\" \/>\n<meta property=\"og:locale\" content=\"pt_BR\" \/>\n<meta property=\"og:type\" content=\"article\" \/>\n<meta property=\"og:title\" content=\"Conduta \u00c9tica e Compliance - OPR Log\u00edstica | Transporte e Solu\u00e7\u00f5es Log\u00edsticas Inteligentes no Brasil\" \/>\n<meta property=\"og:description\" content=\"Na OPR Log\u00edstica, acreditamos que a forma como conduzimos nossos neg\u00f3cios \u00e9 t\u00e3o importante quanto os resultados que entregamos. Por isso, [&hellip;]\" \/>\n<meta property=\"og:url\" content=\"https:\/\/oprlogistica.com.br\/site\/sustentabilidade\/compliance\/\" \/>\n<meta property=\"og:site_name\" content=\"OPR Log\u00edstica | Transporte e Solu\u00e7\u00f5es Log\u00edsticas Inteligentes no Brasil\" \/>\n<meta property=\"article:modified_time\" content=\"2025-09-16T18:27:20+00:00\" \/>\n<meta property=\"og:image\" content=\"https:\/\/oprlogistica.com.br\/site\/wp-content\/uploads\/2025\/09\/previa-OPR-9082.jpg\" \/>\n\t<meta property=\"og:image:width\" content=\"2048\" \/>\n\t<meta property=\"og:image:height\" content=\"1365\" \/>\n\t<meta property=\"og:image:type\" content=\"image\/jpeg\" \/>\n<meta name=\"twitter:card\" content=\"summary_large_image\" \/>\n<script type=\"application\/ld+json\" class=\"yoast-schema-graph\">{\"@context\":\"https:\/\/schema.org\",\"@graph\":[{\"@type\":\"WebPage\",\"@id\":\"https:\/\/oprlogistica.com.br\/site\/sustentabilidade\/compliance\/\",\"url\":\"https:\/\/oprlogistica.com.br\/site\/sustentabilidade\/compliance\/\",\"name\":\"Conduta \u00c9tica e Compliance - OPR Log\u00edstica | Transporte e Solu\u00e7\u00f5es Log\u00edsticas Inteligentes no Brasil\",\"isPartOf\":{\"@id\":\"https:\/\/oprlogistica.com.br\/site\/#website\"},\"primaryImageOfPage\":{\"@id\":\"https:\/\/oprlogistica.com.br\/site\/sustentabilidade\/compliance\/#primaryimage\"},\"image\":{\"@id\":\"https:\/\/oprlogistica.com.br\/site\/sustentabilidade\/compliance\/#primaryimage\"},\"thumbnailUrl\":\"https:\/\/oprlogistica.com.br\/site\/wp-content\/uploads\/2025\/09\/previa-OPR-9082.jpg\",\"datePublished\":\"2025-09-16T16:10:55+00:00\",\"dateModified\":\"2025-09-16T18:27:20+00:00\",\"breadcrumb\":{\"@id\":\"https:\/\/oprlogistica.com.br\/site\/sustentabilidade\/compliance\/#breadcrumb\"},\"inLanguage\":\"pt-BR\",\"potentialAction\":[{\"@type\":\"ReadAction\",\"target\":[\"https:\/\/oprlogistica.com.br\/site\/sustentabilidade\/compliance\/\"]}]},{\"@type\":\"ImageObject\",\"inLanguage\":\"pt-BR\",\"@id\":\"https:\/\/oprlogistica.com.br\/site\/sustentabilidade\/compliance\/#primaryimage\",\"url\":\"https:\/\/oprlogistica.com.br\/site\/wp-content\/uploads\/2025\/09\/previa-OPR-9082.jpg\",\"contentUrl\":\"https:\/\/oprlogistica.com.br\/site\/wp-content\/uploads\/2025\/09\/previa-OPR-9082.jpg\",\"width\":2048,\"height\":1365},{\"@type\":\"BreadcrumbList\",\"@id\":\"https:\/\/oprlogistica.com.br\/site\/sustentabilidade\/compliance\/#breadcrumb\",\"itemListElement\":[{\"@type\":\"ListItem\",\"position\":1,\"name\":\"In\u00edcio\",\"item\":\"https:\/\/oprlogistica.com.br\/site\/\"},{\"@type\":\"ListItem\",\"position\":2,\"name\":\"Sustentabilidade\",\"item\":\"https:\/\/oprlogistica.com.br\/site\/sustentabilidade\/\"},{\"@type\":\"ListItem\",\"position\":3,\"name\":\"Conduta \u00c9tica e Compliance\"}]},{\"@type\":\"WebSite\",\"@id\":\"https:\/\/oprlogistica.com.br\/site\/#website\",\"url\":\"https:\/\/oprlogistica.com.br\/site\/\",\"name\":\"OPR Log\u00edstica | Transporte e Solu\u00e7\u00f5es Log\u00edsticas Inteligentes no Brasil\",\"description\":\"A OPR Log\u00edstica oferece transporte rodovi\u00e1rio, solu\u00e7\u00f5es integradas e gest\u00e3o eficiente para empresas em todo o Brasil. Comprometimento, tecnologia e excel\u00eancia em cada entrega.\",\"potentialAction\":[{\"@type\":\"SearchAction\",\"target\":{\"@type\":\"EntryPoint\",\"urlTemplate\":\"https:\/\/oprlogistica.com.br\/site\/?s={search_term_string}\"},\"query-input\":{\"@type\":\"PropertyValueSpecification\",\"valueRequired\":true,\"valueName\":\"search_term_string\"}}],\"inLanguage\":\"pt-BR\"}]}<\/script>\n<!-- \/ Yoast SEO plugin. -->","yoast_head_json":{"title":"Conduta \u00c9tica e Compliance - OPR Log\u00edstica | Transporte e Solu\u00e7\u00f5es Log\u00edsticas Inteligentes no Brasil","robots":{"index":"index","follow":"follow","max-snippet":"max-snippet:-1","max-image-preview":"max-image-preview:large","max-video-preview":"max-video-preview:-1"},"canonical":"https:\/\/oprlogistica.com.br\/site\/sustentabilidade\/compliance\/","og_locale":"pt_BR","og_type":"article","og_title":"Conduta \u00c9tica e Compliance - OPR Log\u00edstica | Transporte e Solu\u00e7\u00f5es Log\u00edsticas Inteligentes no Brasil","og_description":"Na OPR Log\u00edstica, acreditamos que a forma como conduzimos nossos neg\u00f3cios \u00e9 t\u00e3o importante quanto os resultados que entregamos. Por isso, [&hellip;]","og_url":"https:\/\/oprlogistica.com.br\/site\/sustentabilidade\/compliance\/","og_site_name":"OPR Log\u00edstica | Transporte e Solu\u00e7\u00f5es Log\u00edsticas Inteligentes no Brasil","article_modified_time":"2025-09-16T18:27:20+00:00","og_image":[{"width":2048,"height":1365,"url":"https:\/\/oprlogistica.com.br\/site\/wp-content\/uploads\/2025\/09\/previa-OPR-9082.jpg","type":"image\/jpeg"}],"twitter_card":"summary_large_image","schema":{"@context":"https:\/\/schema.org","@graph":[{"@type":"WebPage","@id":"https:\/\/oprlogistica.com.br\/site\/sustentabilidade\/compliance\/","url":"https:\/\/oprlogistica.com.br\/site\/sustentabilidade\/compliance\/","name":"Conduta \u00c9tica e Compliance - OPR Log\u00edstica | Transporte e Solu\u00e7\u00f5es Log\u00edsticas Inteligentes no Brasil","isPartOf":{"@id":"https:\/\/oprlogistica.com.br\/site\/#website"},"primaryImageOfPage":{"@id":"https:\/\/oprlogistica.com.br\/site\/sustentabilidade\/compliance\/#primaryimage"},"image":{"@id":"https:\/\/oprlogistica.com.br\/site\/sustentabilidade\/compliance\/#primaryimage"},"thumbnailUrl":"https:\/\/oprlogistica.com.br\/site\/wp-content\/uploads\/2025\/09\/previa-OPR-9082.jpg","datePublished":"2025-09-16T16:10:55+00:00","dateModified":"2025-09-16T18:27:20+00:00","breadcrumb":{"@id":"https:\/\/oprlogistica.com.br\/site\/sustentabilidade\/compliance\/#breadcrumb"},"inLanguage":"pt-BR","potentialAction":[{"@type":"ReadAction","target":["https:\/\/oprlogistica.com.br\/site\/sustentabilidade\/compliance\/"]}]},{"@type":"ImageObject","inLanguage":"pt-BR","@id":"https:\/\/oprlogistica.com.br\/site\/sustentabilidade\/compliance\/#primaryimage","url":"https:\/\/oprlogistica.com.br\/site\/wp-content\/uploads\/2025\/09\/previa-OPR-9082.jpg","contentUrl":"https:\/\/oprlogistica.com.br\/site\/wp-content\/uploads\/2025\/09\/previa-OPR-9082.jpg","width":2048,"height":1365},{"@type":"BreadcrumbList","@id":"https:\/\/oprlogistica.com.br\/site\/sustentabilidade\/compliance\/#breadcrumb","itemListElement":[{"@type":"ListItem","position":1,"name":"In\u00edcio","item":"https:\/\/oprlogistica.com.br\/site\/"},{"@type":"ListItem","position":2,"name":"Sustentabilidade","item":"https:\/\/oprlogistica.com.br\/site\/sustentabilidade\/"},{"@type":"ListItem","position":3,"name":"Conduta \u00c9tica e Compliance"}]},{"@type":"WebSite","@id":"https:\/\/oprlogistica.com.br\/site\/#website","url":"https:\/\/oprlogistica.com.br\/site\/","name":"OPR Log\u00edstica | Transporte e Solu\u00e7\u00f5es Log\u00edsticas Inteligentes no Brasil","description":"A OPR Log\u00edstica oferece transporte rodovi\u00e1rio, solu\u00e7\u00f5es integradas e gest\u00e3o eficiente para empresas em todo o Brasil. Comprometimento, tecnologia e excel\u00eancia em cada entrega.","potentialAction":[{"@type":"SearchAction","target":{"@type":"EntryPoint","urlTemplate":"https:\/\/oprlogistica.com.br\/site\/?s={search_term_string}"},"query-input":{"@type":"PropertyValueSpecification","valueRequired":true,"valueName":"search_term_string"}}],"inLanguage":"pt-BR"}]}},"_links":{"self":[{"href":"https:\/\/oprlogistica.com.br\/site\/wp-json\/wp\/v2\/pages\/296","targetHints":{"allow":["GET"]}}],"collection":[{"href":"https:\/\/oprlogistica.com.br\/site\/wp-json\/wp\/v2\/pages"}],"about":[{"href":"https:\/\/oprlogistica.com.br\/site\/wp-json\/wp\/v2\/types\/page"}],"author":[{"embeddable":true,"href":"https:\/\/oprlogistica.com.br\/site\/wp-json\/wp\/v2\/users\/1"}],"replies":[{"embeddable":true,"href":"https:\/\/oprlogistica.com.br\/site\/wp-json\/wp\/v2\/comments?post=296"}],"version-history":[{"count":4,"href":"https:\/\/oprlogistica.com.br\/site\/wp-json\/wp\/v2\/pages\/296\/revisions"}],"predecessor-version":[{"id":301,"href":"https:\/\/oprlogistica.com.br\/site\/wp-json\/wp\/v2\/pages\/296\/revisions\/301"}],"up":[{"embeddable":true,"href":"https:\/\/oprlogistica.com.br\/site\/wp-json\/wp\/v2\/pages\/14"}],"wp:featuredmedia":[{"embeddable":true,"href":"https:\/\/oprlogistica.com.br\/site\/wp-json\/wp\/v2\/media\/268"}],"wp:attachment":[{"href":"https:\/\/oprlogistica.com.br\/site\/wp-json\/wp\/v2\/media?parent=296"}],"curies":[{"name":"wp","href":"https:\/\/api.w.org\/{rel}","templated":true}]}}